{"id":15369,"date":"2024-05-02T22:05:33","date_gmt":"2024-05-02T19:05:33","guid":{"rendered":"https:\/\/hamsayapi.com\/?post_type=product&#038;p=15369"},"modified":"2024-05-02T22:29:21","modified_gmt":"2024-05-02T19:29:21","slug":"ge-1280-1-essafe-vidali-baret-kulaklik-seffaf-siperlik-2","status":"publish","type":"product","link":"https:\/\/hamsayapi.com\/index.php\/urun\/ge-1280-1-essafe-vidali-baret-kulaklik-seffaf-siperlik-2\/","title":{"rendered":"GE 1280-1 Essafe Vidal\u0131 Baret Kulakl\u0131k \u015eeffaf Siperlik"},"content":{"rendered":"","protected":false},"excerpt":{"rendered":"","protected":false},"featured_media":15370,"comment_status":"open","ping_status":"closed","template":"","meta":[],"pwb-brand":[],"product_brand":[],"product_cat":[80,1950,1999,2008],"product_tag":[1975],"class_list":{"0":"post-15369","1":"product","2":"type-product","3":"status-publish","4":"has-post-thumbnail","6":"product_cat-is-guvenligi","7":"product_cat-kafa-koruma","8":"product_cat-kulak-koruma","9":"product_cat-yuz-koruma","10":"product_tag-ge-1280-1-essafe-vidali-baret-kulaklik-seffaf-siperlik","12":"first","13":"instock","14":"shipping-taxable","15":"product-type-simple"},"brands":[],"_links":{"self":[{"href":"https:\/\/hamsayapi.com\/index.php\/wp-json\/wp\/v2\/product\/15369","targetHints":{"allow":["GET"]}}],"collection":[{"href":"https:\/\/hamsayapi.com\/index.php\/wp-json\/wp\/v2\/product"}],"about":[{"href":"https:\/\/hamsayapi.com\/index.php\/wp-json\/wp\/v2\/types\/product"}],"replies":[{"embeddable":true,"href":"https:\/\/hamsayapi.com\/index.php\/wp-json\/wp\/v2\/comments?post=15369"}],"version-history":[{"count":2,"href":"https:\/\/hamsayapi.com\/index.php\/wp-json\/wp\/v2\/product\/15369\/revisions"}],"predecessor-version":[{"id":15447,"href":"https:\/\/hamsayapi.com\/index.php\/wp-json\/wp\/v2\/product\/15369\/revisions\/15447"}],"wp:featuredmedia":[{"embeddable":true,"href":"https:\/\/hamsayapi.com\/index.php\/wp-json\/wp\/v2\/media\/15370"}],"wp:attachment":[{"href":"https:\/\/hamsayapi.com\/index.php\/wp-json\/wp\/v2\/media?parent=15369"}],"wp:term":[{"taxonomy":"pwb-brand","embeddable":true,"href":"https:\/\/hamsayapi.com\/index.php\/wp-json\/wp\/v2\/pwb-brand?post=15369"},{"taxonomy":"product_brand","embeddable":true,"href":"https:\/\/hamsayapi.com\/index.php\/wp-json\/wp\/v2\/product_brand?post=15369"},{"taxonomy":"product_cat","embeddable":true,"href":"https:\/\/hamsayapi.com\/index.php\/wp-json\/wp\/v2\/product_cat?post=15369"},{"taxonomy":"product_tag","embeddable":true,"href":"https:\/\/hamsayapi.com\/index.php\/wp-json\/wp\/v2\/product_tag?post=15369"}],"curies":[{"name":"wp","href":"https:\/\/api.w.org\/{rel}","templated":true}]}}