{"id":15283,"date":"2024-05-02T21:10:31","date_gmt":"2024-05-02T18:10:31","guid":{"rendered":"https:\/\/hamsayapi.com\/?post_type=product&#038;p=15283"},"modified":"2024-05-02T21:10:32","modified_gmt":"2024-05-02T18:10:32","slug":"ge-1110-gozluk-ustu-gozluk-clear","status":"publish","type":"product","link":"https:\/\/hamsayapi.com\/index.php\/urun\/ge-1110-gozluk-ustu-gozluk-clear\/","title":{"rendered":"GE 1110 G\u00f6zl\u00fck \u00dcst\u00fc G\u00f6zl\u00fck Clear"},"content":{"rendered":"","protected":false},"excerpt":{"rendered":"","protected":false},"featured_media":15284,"comment_status":"open","ping_status":"closed","template":"","meta":[],"pwb-brand":[],"product_brand":[],"product_cat":[1983,80],"product_tag":[1986],"class_list":{"0":"post-15283","1":"product","2":"type-product","3":"status-publish","4":"has-post-thumbnail","6":"product_cat-goz-koruma","7":"product_cat-is-guvenligi","8":"product_tag-ge-1110-gozluk-ustu-gozluk-clear","10":"first","11":"instock","12":"shipping-taxable","13":"product-type-simple"},"brands":[],"_links":{"self":[{"href":"https:\/\/hamsayapi.com\/index.php\/wp-json\/wp\/v2\/product\/15283","targetHints":{"allow":["GET"]}}],"collection":[{"href":"https:\/\/hamsayapi.com\/index.php\/wp-json\/wp\/v2\/product"}],"about":[{"href":"https:\/\/hamsayapi.com\/index.php\/wp-json\/wp\/v2\/types\/product"}],"replies":[{"embeddable":true,"href":"https:\/\/hamsayapi.com\/index.php\/wp-json\/wp\/v2\/comments?post=15283"}],"version-history":[{"count":2,"href":"https:\/\/hamsayapi.com\/index.php\/wp-json\/wp\/v2\/product\/15283\/revisions"}],"predecessor-version":[{"id":15286,"href":"https:\/\/hamsayapi.com\/index.php\/wp-json\/wp\/v2\/product\/15283\/revisions\/15286"}],"wp:featuredmedia":[{"embeddable":true,"href":"https:\/\/hamsayapi.com\/index.php\/wp-json\/wp\/v2\/media\/15284"}],"wp:attachment":[{"href":"https:\/\/hamsayapi.com\/index.php\/wp-json\/wp\/v2\/media?parent=15283"}],"wp:term":[{"taxonomy":"pwb-brand","embeddable":true,"href":"https:\/\/hamsayapi.com\/index.php\/wp-json\/wp\/v2\/pwb-brand?post=15283"},{"taxonomy":"product_brand","embeddable":true,"href":"https:\/\/hamsayapi.com\/index.php\/wp-json\/wp\/v2\/product_brand?post=15283"},{"taxonomy":"product_cat","embeddable":true,"href":"https:\/\/hamsayapi.com\/index.php\/wp-json\/wp\/v2\/product_cat?post=15283"},{"taxonomy":"product_tag","embeddable":true,"href":"https:\/\/hamsayapi.com\/index.php\/wp-json\/wp\/v2\/product_tag?post=15283"}],"curies":[{"name":"wp","href":"https:\/\/api.w.org\/{rel}","templated":true}]}}