{"id":15280,"date":"2024-05-02T21:09:47","date_gmt":"2024-05-02T18:09:47","guid":{"rendered":"https:\/\/hamsayapi.com\/?post_type=product&#038;p=15280"},"modified":"2024-05-02T21:09:47","modified_gmt":"2024-05-02T18:09:47","slug":"ge-1101-1-koruyucu-gozluk-seffaf-afantifog","status":"publish","type":"product","link":"https:\/\/hamsayapi.com\/index.php\/urun\/ge-1101-1-koruyucu-gozluk-seffaf-afantifog\/","title":{"rendered":"GE 1101-1 Koruyucu g\u00f6zl\u00fck \u015eeffaf AF(Antifog)"},"content":{"rendered":"","protected":false},"excerpt":{"rendered":"","protected":false},"featured_media":15281,"comment_status":"open","ping_status":"closed","template":"","meta":[],"pwb-brand":[],"product_brand":[],"product_cat":[1983,80],"product_tag":[1985],"class_list":{"0":"post-15280","1":"product","2":"type-product","3":"status-publish","4":"has-post-thumbnail","6":"product_cat-goz-koruma","7":"product_cat-is-guvenligi","8":"product_tag-ge-1101-1-koruyucu-gozluk-seffaf-afantifog","10":"first","11":"instock","12":"shipping-taxable","13":"product-type-simple"},"brands":[],"_links":{"self":[{"href":"https:\/\/hamsayapi.com\/index.php\/wp-json\/wp\/v2\/product\/15280","targetHints":{"allow":["GET"]}}],"collection":[{"href":"https:\/\/hamsayapi.com\/index.php\/wp-json\/wp\/v2\/product"}],"about":[{"href":"https:\/\/hamsayapi.com\/index.php\/wp-json\/wp\/v2\/types\/product"}],"replies":[{"embeddable":true,"href":"https:\/\/hamsayapi.com\/index.php\/wp-json\/wp\/v2\/comments?post=15280"}],"version-history":[{"count":1,"href":"https:\/\/hamsayapi.com\/index.php\/wp-json\/wp\/v2\/product\/15280\/revisions"}],"predecessor-version":[{"id":15282,"href":"https:\/\/hamsayapi.com\/index.php\/wp-json\/wp\/v2\/product\/15280\/revisions\/15282"}],"wp:featuredmedia":[{"embeddable":true,"href":"https:\/\/hamsayapi.com\/index.php\/wp-json\/wp\/v2\/media\/15281"}],"wp:attachment":[{"href":"https:\/\/hamsayapi.com\/index.php\/wp-json\/wp\/v2\/media?parent=15280"}],"wp:term":[{"taxonomy":"pwb-brand","embeddable":true,"href":"https:\/\/hamsayapi.com\/index.php\/wp-json\/wp\/v2\/pwb-brand?post=15280"},{"taxonomy":"product_brand","embeddable":true,"href":"https:\/\/hamsayapi.com\/index.php\/wp-json\/wp\/v2\/product_brand?post=15280"},{"taxonomy":"product_cat","embeddable":true,"href":"https:\/\/hamsayapi.com\/index.php\/wp-json\/wp\/v2\/product_cat?post=15280"},{"taxonomy":"product_tag","embeddable":true,"href":"https:\/\/hamsayapi.com\/index.php\/wp-json\/wp\/v2\/product_tag?post=15280"}],"curies":[{"name":"wp","href":"https:\/\/api.w.org\/{rel}","templated":true}]}}