{"id":15221,"date":"2024-05-02T20:56:00","date_gmt":"2024-05-02T17:56:00","guid":{"rendered":"https:\/\/hamsayapi.com\/?post_type=product&#038;p=15221"},"modified":"2024-05-02T20:56:00","modified_gmt":"2024-05-02T17:56:00","slug":"ge-1011-11-yedek-baret-icligi-ge-1537-ve-ge-1583-icin","status":"publish","type":"product","link":"https:\/\/hamsayapi.com\/index.php\/urun\/ge-1011-11-yedek-baret-icligi-ge-1537-ve-ge-1583-icin\/","title":{"rendered":"GE 1011-11 Yedek Baret \u0130\u00e7li\u011fi GE 1537 ve GE 1583 i\u00e7in"},"content":{"rendered":"","protected":false},"excerpt":{"rendered":"","protected":false},"featured_media":15223,"comment_status":"open","ping_status":"closed","template":"","meta":[],"pwb-brand":[],"product_brand":[],"product_cat":[80,1950],"product_tag":[1967],"class_list":{"0":"post-15221","1":"product","2":"type-product","3":"status-publish","4":"has-post-thumbnail","6":"product_cat-is-guvenligi","7":"product_cat-kafa-koruma","8":"product_tag-ge-1011-11-yedek-baret-icligi-ge-1537-ve-ge-1583-icin","10":"first","11":"instock","12":"shipping-taxable","13":"product-type-simple"},"brands":[],"_links":{"self":[{"href":"https:\/\/hamsayapi.com\/index.php\/wp-json\/wp\/v2\/product\/15221","targetHints":{"allow":["GET"]}}],"collection":[{"href":"https:\/\/hamsayapi.com\/index.php\/wp-json\/wp\/v2\/product"}],"about":[{"href":"https:\/\/hamsayapi.com\/index.php\/wp-json\/wp\/v2\/types\/product"}],"replies":[{"embeddable":true,"href":"https:\/\/hamsayapi.com\/index.php\/wp-json\/wp\/v2\/comments?post=15221"}],"version-history":[{"count":2,"href":"https:\/\/hamsayapi.com\/index.php\/wp-json\/wp\/v2\/product\/15221\/revisions"}],"predecessor-version":[{"id":15225,"href":"https:\/\/hamsayapi.com\/index.php\/wp-json\/wp\/v2\/product\/15221\/revisions\/15225"}],"wp:featuredmedia":[{"embeddable":true,"href":"https:\/\/hamsayapi.com\/index.php\/wp-json\/wp\/v2\/media\/15223"}],"wp:attachment":[{"href":"https:\/\/hamsayapi.com\/index.php\/wp-json\/wp\/v2\/media?parent=15221"}],"wp:term":[{"taxonomy":"pwb-brand","embeddable":true,"href":"https:\/\/hamsayapi.com\/index.php\/wp-json\/wp\/v2\/pwb-brand?post=15221"},{"taxonomy":"product_brand","embeddable":true,"href":"https:\/\/hamsayapi.com\/index.php\/wp-json\/wp\/v2\/product_brand?post=15221"},{"taxonomy":"product_cat","embeddable":true,"href":"https:\/\/hamsayapi.com\/index.php\/wp-json\/wp\/v2\/product_cat?post=15221"},{"taxonomy":"product_tag","embeddable":true,"href":"https:\/\/hamsayapi.com\/index.php\/wp-json\/wp\/v2\/product_tag?post=15221"}],"curies":[{"name":"wp","href":"https:\/\/api.w.org\/{rel}","templated":true}]}}