{"id":15209,"date":"2024-05-02T20:52:57","date_gmt":"2024-05-02T17:52:57","guid":{"rendered":"https:\/\/hamsayapi.com\/?post_type=product&#038;p=15209"},"modified":"2024-05-02T20:52:58","modified_gmt":"2024-05-02T17:52:58","slug":"ge-1012-5-lastik-cenebagi-klipsli","status":"publish","type":"product","link":"https:\/\/hamsayapi.com\/index.php\/urun\/ge-1012-5-lastik-cenebagi-klipsli\/","title":{"rendered":"GE 1012-5 Lastik \u00c7eneba\u011f\u0131 Klipsli"},"content":{"rendered":"","protected":false},"excerpt":{"rendered":"","protected":false},"featured_media":15210,"comment_status":"open","ping_status":"closed","template":"","meta":[],"pwb-brand":[],"product_brand":[],"product_cat":[80,1950],"product_tag":[1964],"class_list":{"0":"post-15209","1":"product","2":"type-product","3":"status-publish","4":"has-post-thumbnail","6":"product_cat-is-guvenligi","7":"product_cat-kafa-koruma","8":"product_tag-ge-1012-5-lastik-cenebagi-klipsli","10":"first","11":"instock","12":"shipping-taxable","13":"product-type-simple"},"brands":[],"_links":{"self":[{"href":"https:\/\/hamsayapi.com\/index.php\/wp-json\/wp\/v2\/product\/15209","targetHints":{"allow":["GET"]}}],"collection":[{"href":"https:\/\/hamsayapi.com\/index.php\/wp-json\/wp\/v2\/product"}],"about":[{"href":"https:\/\/hamsayapi.com\/index.php\/wp-json\/wp\/v2\/types\/product"}],"replies":[{"embeddable":true,"href":"https:\/\/hamsayapi.com\/index.php\/wp-json\/wp\/v2\/comments?post=15209"}],"version-history":[{"count":2,"href":"https:\/\/hamsayapi.com\/index.php\/wp-json\/wp\/v2\/product\/15209\/revisions"}],"predecessor-version":[{"id":15212,"href":"https:\/\/hamsayapi.com\/index.php\/wp-json\/wp\/v2\/product\/15209\/revisions\/15212"}],"wp:featuredmedia":[{"embeddable":true,"href":"https:\/\/hamsayapi.com\/index.php\/wp-json\/wp\/v2\/media\/15210"}],"wp:attachment":[{"href":"https:\/\/hamsayapi.com\/index.php\/wp-json\/wp\/v2\/media?parent=15209"}],"wp:term":[{"taxonomy":"pwb-brand","embeddable":true,"href":"https:\/\/hamsayapi.com\/index.php\/wp-json\/wp\/v2\/pwb-brand?post=15209"},{"taxonomy":"product_brand","embeddable":true,"href":"https:\/\/hamsayapi.com\/index.php\/wp-json\/wp\/v2\/product_brand?post=15209"},{"taxonomy":"product_cat","embeddable":true,"href":"https:\/\/hamsayapi.com\/index.php\/wp-json\/wp\/v2\/product_cat?post=15209"},{"taxonomy":"product_tag","embeddable":true,"href":"https:\/\/hamsayapi.com\/index.php\/wp-json\/wp\/v2\/product_tag?post=15209"}],"curies":[{"name":"wp","href":"https:\/\/api.w.org\/{rel}","templated":true}]}}