{"id":15192,"date":"2024-05-02T20:49:29","date_gmt":"2024-05-02T17:49:29","guid":{"rendered":"https:\/\/hamsayapi.com\/?post_type=product&#038;p=15192"},"modified":"2024-05-02T20:49:30","modified_gmt":"2024-05-02T17:49:30","slug":"ge-1584-essafe-madenci-vidali-baret-hava-delikli-kulaklik-takilabilir-model","status":"publish","type":"product","link":"https:\/\/hamsayapi.com\/index.php\/urun\/ge-1584-essafe-madenci-vidali-baret-hava-delikli-kulaklik-takilabilir-model\/","title":{"rendered":"GE 1584 Essafe Madenci Vidal\u0131 Baret, Hava Delikli Kulakl\u0131k Tak\u0131labilir Model"},"content":{"rendered":"","protected":false},"excerpt":{"rendered":"","protected":false},"featured_media":15193,"comment_status":"open","ping_status":"closed","template":"","meta":[],"pwb-brand":[],"product_brand":[],"product_cat":[80,1950],"product_tag":[1959,1960],"class_list":{"0":"post-15192","1":"product","2":"type-product","3":"status-publish","4":"has-post-thumbnail","6":"product_cat-is-guvenligi","7":"product_cat-kafa-koruma","8":"product_tag-ge-1584-essafe-madenci-vidali-baret","9":"product_tag-hava-delikli-kulaklik-takilabilir-model","11":"first","12":"instock","13":"shipping-taxable","14":"product-type-simple"},"brands":[],"_links":{"self":[{"href":"https:\/\/hamsayapi.com\/index.php\/wp-json\/wp\/v2\/product\/15192","targetHints":{"allow":["GET"]}}],"collection":[{"href":"https:\/\/hamsayapi.com\/index.php\/wp-json\/wp\/v2\/product"}],"about":[{"href":"https:\/\/hamsayapi.com\/index.php\/wp-json\/wp\/v2\/types\/product"}],"replies":[{"embeddable":true,"href":"https:\/\/hamsayapi.com\/index.php\/wp-json\/wp\/v2\/comments?post=15192"}],"version-history":[{"count":2,"href":"https:\/\/hamsayapi.com\/index.php\/wp-json\/wp\/v2\/product\/15192\/revisions"}],"predecessor-version":[{"id":15197,"href":"https:\/\/hamsayapi.com\/index.php\/wp-json\/wp\/v2\/product\/15192\/revisions\/15197"}],"wp:featuredmedia":[{"embeddable":true,"href":"https:\/\/hamsayapi.com\/index.php\/wp-json\/wp\/v2\/media\/15193"}],"wp:attachment":[{"href":"https:\/\/hamsayapi.com\/index.php\/wp-json\/wp\/v2\/media?parent=15192"}],"wp:term":[{"taxonomy":"pwb-brand","embeddable":true,"href":"https:\/\/hamsayapi.com\/index.php\/wp-json\/wp\/v2\/pwb-brand?post=15192"},{"taxonomy":"product_brand","embeddable":true,"href":"https:\/\/hamsayapi.com\/index.php\/wp-json\/wp\/v2\/product_brand?post=15192"},{"taxonomy":"product_cat","embeddable":true,"href":"https:\/\/hamsayapi.com\/index.php\/wp-json\/wp\/v2\/product_cat?post=15192"},{"taxonomy":"product_tag","embeddable":true,"href":"https:\/\/hamsayapi.com\/index.php\/wp-json\/wp\/v2\/product_tag?post=15192"}],"curies":[{"name":"wp","href":"https:\/\/api.w.org\/{rel}","templated":true}]}}