{"id":14941,"date":"2024-04-30T20:21:41","date_gmt":"2024-04-30T17:21:41","guid":{"rendered":"https:\/\/hamsayapi.com\/?post_type=product&#038;p=14941"},"modified":"2024-04-30T20:21:42","modified_gmt":"2024-04-30T17:21:42","slug":"woodmaxx-wood-filler-su-bazli-ahsap-yuzey-duzeltme-macunu","status":"publish","type":"product","link":"https:\/\/hamsayapi.com\/index.php\/urun\/woodmaxx-wood-filler-su-bazli-ahsap-yuzey-duzeltme-macunu\/","title":{"rendered":"WoodMaXX\u00ae Wood Filler-Su Bazl\u0131 Ah\u015fap Y\u00fczey D\u00fczeltme Macunu"},"content":{"rendered":"","protected":false},"excerpt":{"rendered":"","protected":false},"featured_media":14942,"comment_status":"open","ping_status":"closed","template":"","meta":[],"pwb-brand":[],"product_brand":[],"product_cat":[1894,1822],"product_tag":[1906],"class_list":{"0":"post-14941","1":"product","2":"type-product","3":"status-publish","4":"has-post-thumbnail","6":"product_cat-ahsap-boyasi-renkleri","7":"product_cat-boyalar","8":"product_tag-woodmaxx-wood-filler-su-bazli-ahsap-yuzey-duzeltme-macunu","10":"first","11":"instock","12":"shipping-taxable","13":"product-type-simple"},"brands":[],"_links":{"self":[{"href":"https:\/\/hamsayapi.com\/index.php\/wp-json\/wp\/v2\/product\/14941","targetHints":{"allow":["GET"]}}],"collection":[{"href":"https:\/\/hamsayapi.com\/index.php\/wp-json\/wp\/v2\/product"}],"about":[{"href":"https:\/\/hamsayapi.com\/index.php\/wp-json\/wp\/v2\/types\/product"}],"replies":[{"embeddable":true,"href":"https:\/\/hamsayapi.com\/index.php\/wp-json\/wp\/v2\/comments?post=14941"}],"version-history":[{"count":1,"href":"https:\/\/hamsayapi.com\/index.php\/wp-json\/wp\/v2\/product\/14941\/revisions"}],"predecessor-version":[{"id":14943,"href":"https:\/\/hamsayapi.com\/index.php\/wp-json\/wp\/v2\/product\/14941\/revisions\/14943"}],"wp:featuredmedia":[{"embeddable":true,"href":"https:\/\/hamsayapi.com\/index.php\/wp-json\/wp\/v2\/media\/14942"}],"wp:attachment":[{"href":"https:\/\/hamsayapi.com\/index.php\/wp-json\/wp\/v2\/media?parent=14941"}],"wp:term":[{"taxonomy":"pwb-brand","embeddable":true,"href":"https:\/\/hamsayapi.com\/index.php\/wp-json\/wp\/v2\/pwb-brand?post=14941"},{"taxonomy":"product_brand","embeddable":true,"href":"https:\/\/hamsayapi.com\/index.php\/wp-json\/wp\/v2\/product_brand?post=14941"},{"taxonomy":"product_cat","embeddable":true,"href":"https:\/\/hamsayapi.com\/index.php\/wp-json\/wp\/v2\/product_cat?post=14941"},{"taxonomy":"product_tag","embeddable":true,"href":"https:\/\/hamsayapi.com\/index.php\/wp-json\/wp\/v2\/product_tag?post=14941"}],"curies":[{"name":"wp","href":"https:\/\/api.w.org\/{rel}","templated":true}]}}