{"id":14925,"date":"2024-04-30T20:15:00","date_gmt":"2024-04-30T17:15:00","guid":{"rendered":"https:\/\/hamsayapi.com\/?post_type=product&#038;p=14925"},"modified":"2024-04-30T20:15:00","modified_gmt":"2024-04-30T17:15:00","slug":"woodmaxx-universallasur-dis-cephe-ahsap-vernigi","status":"publish","type":"product","link":"https:\/\/hamsayapi.com\/index.php\/urun\/woodmaxx-universallasur-dis-cephe-ahsap-vernigi\/","title":{"rendered":"WoodMaXX\u00ae Universallasur \u2013 D\u0131\u015f Cephe Ah\u015fap Verni\u011fi"},"content":{"rendered":"","protected":false},"excerpt":{"rendered":"","protected":false},"featured_media":14926,"comment_status":"open","ping_status":"closed","template":"","meta":[],"pwb-brand":[],"product_brand":[],"product_cat":[1894,1822],"product_tag":[1901],"class_list":{"0":"post-14925","1":"product","2":"type-product","3":"status-publish","4":"has-post-thumbnail","6":"product_cat-ahsap-boyasi-renkleri","7":"product_cat-boyalar","8":"product_tag-woodmaxx-universallasur-dis-cephe-ahsap-vernigi","10":"first","11":"instock","12":"shipping-taxable","13":"product-type-simple"},"brands":[],"_links":{"self":[{"href":"https:\/\/hamsayapi.com\/index.php\/wp-json\/wp\/v2\/product\/14925","targetHints":{"allow":["GET"]}}],"collection":[{"href":"https:\/\/hamsayapi.com\/index.php\/wp-json\/wp\/v2\/product"}],"about":[{"href":"https:\/\/hamsayapi.com\/index.php\/wp-json\/wp\/v2\/types\/product"}],"replies":[{"embeddable":true,"href":"https:\/\/hamsayapi.com\/index.php\/wp-json\/wp\/v2\/comments?post=14925"}],"version-history":[{"count":1,"href":"https:\/\/hamsayapi.com\/index.php\/wp-json\/wp\/v2\/product\/14925\/revisions"}],"predecessor-version":[{"id":14927,"href":"https:\/\/hamsayapi.com\/index.php\/wp-json\/wp\/v2\/product\/14925\/revisions\/14927"}],"wp:featuredmedia":[{"embeddable":true,"href":"https:\/\/hamsayapi.com\/index.php\/wp-json\/wp\/v2\/media\/14926"}],"wp:attachment":[{"href":"https:\/\/hamsayapi.com\/index.php\/wp-json\/wp\/v2\/media?parent=14925"}],"wp:term":[{"taxonomy":"pwb-brand","embeddable":true,"href":"https:\/\/hamsayapi.com\/index.php\/wp-json\/wp\/v2\/pwb-brand?post=14925"},{"taxonomy":"product_brand","embeddable":true,"href":"https:\/\/hamsayapi.com\/index.php\/wp-json\/wp\/v2\/product_brand?post=14925"},{"taxonomy":"product_cat","embeddable":true,"href":"https:\/\/hamsayapi.com\/index.php\/wp-json\/wp\/v2\/product_cat?post=14925"},{"taxonomy":"product_tag","embeddable":true,"href":"https:\/\/hamsayapi.com\/index.php\/wp-json\/wp\/v2\/product_tag?post=14925"}],"curies":[{"name":"wp","href":"https:\/\/api.w.org\/{rel}","templated":true}]}}