{"id":14907,"date":"2024-04-30T20:04:38","date_gmt":"2024-04-30T17:04:38","guid":{"rendered":"https:\/\/hamsayapi.com\/?post_type=product&#038;p=14907"},"modified":"2024-04-30T20:04:38","modified_gmt":"2024-04-30T17:04:38","slug":"woodmaxx-color-proof-primer-su-bazli-dis-cephe-ahsap-boyasi-astari","status":"publish","type":"product","link":"https:\/\/hamsayapi.com\/index.php\/urun\/woodmaxx-color-proof-primer-su-bazli-dis-cephe-ahsap-boyasi-astari\/","title":{"rendered":"WoodMaXX\u00ae Color Proof\u00ae Primer Su Bazl\u0131 D\u0131\u015f Cephe Ah\u015fap Boyas\u0131 Astar\u0131"},"content":{"rendered":"","protected":false},"excerpt":{"rendered":"","protected":false},"featured_media":14908,"comment_status":"open","ping_status":"closed","template":"","meta":[],"pwb-brand":[],"product_brand":[],"product_cat":[1894,1822],"product_tag":[1896],"class_list":{"0":"post-14907","1":"product","2":"type-product","3":"status-publish","4":"has-post-thumbnail","6":"product_cat-ahsap-boyasi-renkleri","7":"product_cat-boyalar","8":"product_tag-woodmaxx-color-proof-primer-su-bazli-dis-cephe-ahsap-boyasi-astari","10":"first","11":"instock","12":"shipping-taxable","13":"product-type-simple"},"brands":[],"_links":{"self":[{"href":"https:\/\/hamsayapi.com\/index.php\/wp-json\/wp\/v2\/product\/14907","targetHints":{"allow":["GET"]}}],"collection":[{"href":"https:\/\/hamsayapi.com\/index.php\/wp-json\/wp\/v2\/product"}],"about":[{"href":"https:\/\/hamsayapi.com\/index.php\/wp-json\/wp\/v2\/types\/product"}],"replies":[{"embeddable":true,"href":"https:\/\/hamsayapi.com\/index.php\/wp-json\/wp\/v2\/comments?post=14907"}],"version-history":[{"count":1,"href":"https:\/\/hamsayapi.com\/index.php\/wp-json\/wp\/v2\/product\/14907\/revisions"}],"predecessor-version":[{"id":14909,"href":"https:\/\/hamsayapi.com\/index.php\/wp-json\/wp\/v2\/product\/14907\/revisions\/14909"}],"wp:featuredmedia":[{"embeddable":true,"href":"https:\/\/hamsayapi.com\/index.php\/wp-json\/wp\/v2\/media\/14908"}],"wp:attachment":[{"href":"https:\/\/hamsayapi.com\/index.php\/wp-json\/wp\/v2\/media?parent=14907"}],"wp:term":[{"taxonomy":"pwb-brand","embeddable":true,"href":"https:\/\/hamsayapi.com\/index.php\/wp-json\/wp\/v2\/pwb-brand?post=14907"},{"taxonomy":"product_brand","embeddable":true,"href":"https:\/\/hamsayapi.com\/index.php\/wp-json\/wp\/v2\/product_brand?post=14907"},{"taxonomy":"product_cat","embeddable":true,"href":"https:\/\/hamsayapi.com\/index.php\/wp-json\/wp\/v2\/product_cat?post=14907"},{"taxonomy":"product_tag","embeddable":true,"href":"https:\/\/hamsayapi.com\/index.php\/wp-json\/wp\/v2\/product_tag?post=14907"}],"curies":[{"name":"wp","href":"https:\/\/api.w.org\/{rel}","templated":true}]}}