{"id":14904,"date":"2024-04-30T20:02:24","date_gmt":"2024-04-30T17:02:24","guid":{"rendered":"https:\/\/hamsayapi.com\/?post_type=product&#038;p=14904"},"modified":"2024-04-30T20:02:25","modified_gmt":"2024-04-30T17:02:25","slug":"woodmaxx-color-proof-su-bazli-dis-cephe-ahsap-boyasi","status":"publish","type":"product","link":"https:\/\/hamsayapi.com\/index.php\/urun\/woodmaxx-color-proof-su-bazli-dis-cephe-ahsap-boyasi\/","title":{"rendered":"WoodMaXX\u00ae Color Proof\u00ae Su Bazl\u0131 D\u0131\u015f Cephe Ah\u015fap Boyas\u0131"},"content":{"rendered":"","protected":false},"excerpt":{"rendered":"","protected":false},"featured_media":14905,"comment_status":"open","ping_status":"closed","template":"","meta":[],"pwb-brand":[],"product_brand":[],"product_cat":[1894,1822],"product_tag":[1895],"class_list":{"0":"post-14904","1":"product","2":"type-product","3":"status-publish","4":"has-post-thumbnail","6":"product_cat-ahsap-boyasi-renkleri","7":"product_cat-boyalar","8":"product_tag-woodmaxx-color-proof-su-bazli-dis-cephe-ahsap-boyasi","10":"first","11":"instock","12":"shipping-taxable","13":"product-type-simple"},"brands":[],"_links":{"self":[{"href":"https:\/\/hamsayapi.com\/index.php\/wp-json\/wp\/v2\/product\/14904","targetHints":{"allow":["GET"]}}],"collection":[{"href":"https:\/\/hamsayapi.com\/index.php\/wp-json\/wp\/v2\/product"}],"about":[{"href":"https:\/\/hamsayapi.com\/index.php\/wp-json\/wp\/v2\/types\/product"}],"replies":[{"embeddable":true,"href":"https:\/\/hamsayapi.com\/index.php\/wp-json\/wp\/v2\/comments?post=14904"}],"version-history":[{"count":1,"href":"https:\/\/hamsayapi.com\/index.php\/wp-json\/wp\/v2\/product\/14904\/revisions"}],"predecessor-version":[{"id":14906,"href":"https:\/\/hamsayapi.com\/index.php\/wp-json\/wp\/v2\/product\/14904\/revisions\/14906"}],"wp:featuredmedia":[{"embeddable":true,"href":"https:\/\/hamsayapi.com\/index.php\/wp-json\/wp\/v2\/media\/14905"}],"wp:attachment":[{"href":"https:\/\/hamsayapi.com\/index.php\/wp-json\/wp\/v2\/media?parent=14904"}],"wp:term":[{"taxonomy":"pwb-brand","embeddable":true,"href":"https:\/\/hamsayapi.com\/index.php\/wp-json\/wp\/v2\/pwb-brand?post=14904"},{"taxonomy":"product_brand","embeddable":true,"href":"https:\/\/hamsayapi.com\/index.php\/wp-json\/wp\/v2\/product_brand?post=14904"},{"taxonomy":"product_cat","embeddable":true,"href":"https:\/\/hamsayapi.com\/index.php\/wp-json\/wp\/v2\/product_cat?post=14904"},{"taxonomy":"product_tag","embeddable":true,"href":"https:\/\/hamsayapi.com\/index.php\/wp-json\/wp\/v2\/product_tag?post=14904"}],"curies":[{"name":"wp","href":"https:\/\/api.w.org\/{rel}","templated":true}]}}