{"id":14866,"date":"2024-04-29T21:53:14","date_gmt":"2024-04-29T18:53:14","guid":{"rendered":"https:\/\/hamsayapi.com\/?post_type=product&#038;p=14866"},"modified":"2024-04-29T21:53:14","modified_gmt":"2024-04-29T18:53:14","slug":"su-bazli-yol-cizgi-boyasi","status":"publish","type":"product","link":"https:\/\/hamsayapi.com\/index.php\/urun\/su-bazli-yol-cizgi-boyasi\/","title":{"rendered":"Su Bazl\u0131 Yol \u00c7izgi Boyas\u0131"},"content":{"rendered":"","protected":false},"excerpt":{"rendered":"","protected":false},"featured_media":14867,"comment_status":"open","ping_status":"closed","template":"","meta":[],"pwb-brand":[],"product_brand":[],"product_cat":[1822,1858,1876],"product_tag":[1880],"class_list":{"0":"post-14866","1":"product","2":"type-product","3":"status-publish","4":"has-post-thumbnail","6":"product_cat-boyalar","7":"product_cat-dis-cephe-boya-renkleri","8":"product_cat-yol-cizgi-boyasi","9":"product_tag-su-bazli-yol-cizgi-boyasi","11":"first","12":"instock","13":"shipping-taxable","14":"product-type-simple"},"brands":[],"_links":{"self":[{"href":"https:\/\/hamsayapi.com\/index.php\/wp-json\/wp\/v2\/product\/14866","targetHints":{"allow":["GET"]}}],"collection":[{"href":"https:\/\/hamsayapi.com\/index.php\/wp-json\/wp\/v2\/product"}],"about":[{"href":"https:\/\/hamsayapi.com\/index.php\/wp-json\/wp\/v2\/types\/product"}],"replies":[{"embeddable":true,"href":"https:\/\/hamsayapi.com\/index.php\/wp-json\/wp\/v2\/comments?post=14866"}],"version-history":[{"count":2,"href":"https:\/\/hamsayapi.com\/index.php\/wp-json\/wp\/v2\/product\/14866\/revisions"}],"predecessor-version":[{"id":14869,"href":"https:\/\/hamsayapi.com\/index.php\/wp-json\/wp\/v2\/product\/14866\/revisions\/14869"}],"wp:featuredmedia":[{"embeddable":true,"href":"https:\/\/hamsayapi.com\/index.php\/wp-json\/wp\/v2\/media\/14867"}],"wp:attachment":[{"href":"https:\/\/hamsayapi.com\/index.php\/wp-json\/wp\/v2\/media?parent=14866"}],"wp:term":[{"taxonomy":"pwb-brand","embeddable":true,"href":"https:\/\/hamsayapi.com\/index.php\/wp-json\/wp\/v2\/pwb-brand?post=14866"},{"taxonomy":"product_brand","embeddable":true,"href":"https:\/\/hamsayapi.com\/index.php\/wp-json\/wp\/v2\/product_brand?post=14866"},{"taxonomy":"product_cat","embeddable":true,"href":"https:\/\/hamsayapi.com\/index.php\/wp-json\/wp\/v2\/product_cat?post=14866"},{"taxonomy":"product_tag","embeddable":true,"href":"https:\/\/hamsayapi.com\/index.php\/wp-json\/wp\/v2\/product_tag?post=14866"}],"curies":[{"name":"wp","href":"https:\/\/api.w.org\/{rel}","templated":true}]}}