{"id":14856,"date":"2024-04-29T21:50:44","date_gmt":"2024-04-29T18:50:44","guid":{"rendered":"https:\/\/hamsayapi.com\/?post_type=product&#038;p=14856"},"modified":"2024-04-29T21:50:44","modified_gmt":"2024-04-29T18:50:44","slug":"cift-komponentli-yol-cizgi-boyasi","status":"publish","type":"product","link":"https:\/\/hamsayapi.com\/index.php\/urun\/cift-komponentli-yol-cizgi-boyasi\/","title":{"rendered":"\u00c7ift Komponentli Yol \u00c7izgi Boyas\u0131"},"content":{"rendered":"","protected":false},"excerpt":{"rendered":"","protected":false},"featured_media":14857,"comment_status":"open","ping_status":"closed","template":"","meta":[],"pwb-brand":[],"product_brand":[],"product_cat":[1822,1858,1876],"product_tag":[1877],"class_list":{"0":"post-14856","1":"product","2":"type-product","3":"status-publish","4":"has-post-thumbnail","6":"product_cat-boyalar","7":"product_cat-dis-cephe-boya-renkleri","8":"product_cat-yol-cizgi-boyasi","9":"product_tag-cift-komponentli-yol-cizgi-boyasi","11":"first","12":"instock","13":"shipping-taxable","14":"product-type-simple"},"brands":[],"_links":{"self":[{"href":"https:\/\/hamsayapi.com\/index.php\/wp-json\/wp\/v2\/product\/14856","targetHints":{"allow":["GET"]}}],"collection":[{"href":"https:\/\/hamsayapi.com\/index.php\/wp-json\/wp\/v2\/product"}],"about":[{"href":"https:\/\/hamsayapi.com\/index.php\/wp-json\/wp\/v2\/types\/product"}],"replies":[{"embeddable":true,"href":"https:\/\/hamsayapi.com\/index.php\/wp-json\/wp\/v2\/comments?post=14856"}],"version-history":[{"count":1,"href":"https:\/\/hamsayapi.com\/index.php\/wp-json\/wp\/v2\/product\/14856\/revisions"}],"predecessor-version":[{"id":14858,"href":"https:\/\/hamsayapi.com\/index.php\/wp-json\/wp\/v2\/product\/14856\/revisions\/14858"}],"wp:featuredmedia":[{"embeddable":true,"href":"https:\/\/hamsayapi.com\/index.php\/wp-json\/wp\/v2\/media\/14857"}],"wp:attachment":[{"href":"https:\/\/hamsayapi.com\/index.php\/wp-json\/wp\/v2\/media?parent=14856"}],"wp:term":[{"taxonomy":"pwb-brand","embeddable":true,"href":"https:\/\/hamsayapi.com\/index.php\/wp-json\/wp\/v2\/pwb-brand?post=14856"},{"taxonomy":"product_brand","embeddable":true,"href":"https:\/\/hamsayapi.com\/index.php\/wp-json\/wp\/v2\/product_brand?post=14856"},{"taxonomy":"product_cat","embeddable":true,"href":"https:\/\/hamsayapi.com\/index.php\/wp-json\/wp\/v2\/product_cat?post=14856"},{"taxonomy":"product_tag","embeddable":true,"href":"https:\/\/hamsayapi.com\/index.php\/wp-json\/wp\/v2\/product_tag?post=14856"}],"curies":[{"name":"wp","href":"https:\/\/api.w.org\/{rel}","templated":true}]}}