{"id":13845,"date":"2024-04-28T17:43:38","date_gmt":"2024-04-28T14:43:38","guid":{"rendered":"https:\/\/hamsayapi.com\/?post_type=product&#038;p=13845"},"modified":"2024-04-28T17:43:39","modified_gmt":"2024-04-28T14:43:39","slug":"magaza-kuyumcu-vitrin-urunleri","status":"publish","type":"product","link":"https:\/\/hamsayapi.com\/index.php\/urun\/magaza-kuyumcu-vitrin-urunleri\/","title":{"rendered":"Ma\u011faza Kuyumcu Vitrin \u00dcr\u00fcnleri"},"content":{"rendered":"","protected":false},"excerpt":{"rendered":"","protected":false},"featured_media":13846,"comment_status":"open","ping_status":"closed","template":"","meta":[],"pwb-brand":[],"product_brand":[],"product_cat":[1538,1537,1556],"product_tag":[1558],"class_list":{"0":"post-13845","1":"product","2":"type-product","3":"status-publish","4":"has-post-thumbnail","6":"product_cat-aydinlatmalar","7":"product_cat-elektrik-grubu-malzemeler","8":"product_cat-wallwasher-ledler","9":"product_tag-magaza-kuyumcu-vitrin-urunleri","11":"first","12":"instock","13":"shipping-taxable","14":"product-type-simple"},"brands":[],"_links":{"self":[{"href":"https:\/\/hamsayapi.com\/index.php\/wp-json\/wp\/v2\/product\/13845","targetHints":{"allow":["GET"]}}],"collection":[{"href":"https:\/\/hamsayapi.com\/index.php\/wp-json\/wp\/v2\/product"}],"about":[{"href":"https:\/\/hamsayapi.com\/index.php\/wp-json\/wp\/v2\/types\/product"}],"replies":[{"embeddable":true,"href":"https:\/\/hamsayapi.com\/index.php\/wp-json\/wp\/v2\/comments?post=13845"}],"version-history":[{"count":1,"href":"https:\/\/hamsayapi.com\/index.php\/wp-json\/wp\/v2\/product\/13845\/revisions"}],"predecessor-version":[{"id":13847,"href":"https:\/\/hamsayapi.com\/index.php\/wp-json\/wp\/v2\/product\/13845\/revisions\/13847"}],"wp:featuredmedia":[{"embeddable":true,"href":"https:\/\/hamsayapi.com\/index.php\/wp-json\/wp\/v2\/media\/13846"}],"wp:attachment":[{"href":"https:\/\/hamsayapi.com\/index.php\/wp-json\/wp\/v2\/media?parent=13845"}],"wp:term":[{"taxonomy":"pwb-brand","embeddable":true,"href":"https:\/\/hamsayapi.com\/index.php\/wp-json\/wp\/v2\/pwb-brand?post=13845"},{"taxonomy":"product_brand","embeddable":true,"href":"https:\/\/hamsayapi.com\/index.php\/wp-json\/wp\/v2\/product_brand?post=13845"},{"taxonomy":"product_cat","embeddable":true,"href":"https:\/\/hamsayapi.com\/index.php\/wp-json\/wp\/v2\/product_cat?post=13845"},{"taxonomy":"product_tag","embeddable":true,"href":"https:\/\/hamsayapi.com\/index.php\/wp-json\/wp\/v2\/product_tag?post=13845"}],"curies":[{"name":"wp","href":"https:\/\/api.w.org\/{rel}","templated":true}]}}