{"id":13824,"date":"2024-04-28T17:35:53","date_gmt":"2024-04-28T14:35:53","guid":{"rendered":"https:\/\/hamsayapi.com\/?post_type=product&#038;p=13824"},"modified":"2024-04-28T17:35:53","modified_gmt":"2024-04-28T14:35:53","slug":"dis-mekan-12v-serit-ledler","status":"publish","type":"product","link":"https:\/\/hamsayapi.com\/index.php\/urun\/dis-mekan-12v-serit-ledler\/","title":{"rendered":"D\u0131\u015f Mekan 12V \u015eerit Ledler"},"content":{"rendered":"","protected":false},"excerpt":{"rendered":"","protected":false},"featured_media":13825,"comment_status":"open","ping_status":"closed","template":"","meta":[],"pwb-brand":[],"product_brand":[],"product_cat":[1538,1537,1549],"product_tag":[1551],"class_list":{"0":"post-13824","1":"product","2":"type-product","3":"status-publish","4":"has-post-thumbnail","6":"product_cat-aydinlatmalar","7":"product_cat-elektrik-grubu-malzemeler","8":"product_cat-serit-led-urunler","9":"product_tag-dis-mekan-12v-serit-ledler","11":"first","12":"instock","13":"shipping-taxable","14":"product-type-simple"},"brands":[],"_links":{"self":[{"href":"https:\/\/hamsayapi.com\/index.php\/wp-json\/wp\/v2\/product\/13824","targetHints":{"allow":["GET"]}}],"collection":[{"href":"https:\/\/hamsayapi.com\/index.php\/wp-json\/wp\/v2\/product"}],"about":[{"href":"https:\/\/hamsayapi.com\/index.php\/wp-json\/wp\/v2\/types\/product"}],"replies":[{"embeddable":true,"href":"https:\/\/hamsayapi.com\/index.php\/wp-json\/wp\/v2\/comments?post=13824"}],"version-history":[{"count":1,"href":"https:\/\/hamsayapi.com\/index.php\/wp-json\/wp\/v2\/product\/13824\/revisions"}],"predecessor-version":[{"id":13826,"href":"https:\/\/hamsayapi.com\/index.php\/wp-json\/wp\/v2\/product\/13824\/revisions\/13826"}],"wp:featuredmedia":[{"embeddable":true,"href":"https:\/\/hamsayapi.com\/index.php\/wp-json\/wp\/v2\/media\/13825"}],"wp:attachment":[{"href":"https:\/\/hamsayapi.com\/index.php\/wp-json\/wp\/v2\/media?parent=13824"}],"wp:term":[{"taxonomy":"pwb-brand","embeddable":true,"href":"https:\/\/hamsayapi.com\/index.php\/wp-json\/wp\/v2\/pwb-brand?post=13824"},{"taxonomy":"product_brand","embeddable":true,"href":"https:\/\/hamsayapi.com\/index.php\/wp-json\/wp\/v2\/product_brand?post=13824"},{"taxonomy":"product_cat","embeddable":true,"href":"https:\/\/hamsayapi.com\/index.php\/wp-json\/wp\/v2\/product_cat?post=13824"},{"taxonomy":"product_tag","embeddable":true,"href":"https:\/\/hamsayapi.com\/index.php\/wp-json\/wp\/v2\/product_tag?post=13824"}],"curies":[{"name":"wp","href":"https:\/\/api.w.org\/{rel}","templated":true}]}}