{"id":13713,"date":"2024-04-28T17:15:11","date_gmt":"2024-04-28T14:15:11","guid":{"rendered":"https:\/\/hamsayapi.com\/?post_type=product&#038;p=13713"},"modified":"2024-04-28T17:15:11","modified_gmt":"2024-04-28T14:15:11","slug":"aci-ve-egim-olcerler-2","status":"publish","type":"product","link":"https:\/\/hamsayapi.com\/index.php\/urun\/aci-ve-egim-olcerler-2\/","title":{"rendered":"A\u00e7\u0131 ve E\u011fim \u00d6l\u00e7erler"},"content":{"rendered":"","protected":false},"excerpt":{"rendered":"","protected":false},"featured_media":13714,"comment_status":"open","ping_status":"closed","template":"","meta":[],"pwb-brand":[],"product_brand":[],"product_cat":[955,951],"product_tag":[107],"class_list":{"0":"post-13713","1":"product","2":"type-product","3":"status-publish","4":"has-post-thumbnail","6":"product_cat-dijital-olcum-aletleri","7":"product_cat-el-aletleri","8":"product_tag-aci-ve-egim-olcerler","10":"first","11":"instock","12":"shipping-taxable","13":"product-type-simple"},"brands":[],"_links":{"self":[{"href":"https:\/\/hamsayapi.com\/index.php\/wp-json\/wp\/v2\/product\/13713","targetHints":{"allow":["GET"]}}],"collection":[{"href":"https:\/\/hamsayapi.com\/index.php\/wp-json\/wp\/v2\/product"}],"about":[{"href":"https:\/\/hamsayapi.com\/index.php\/wp-json\/wp\/v2\/types\/product"}],"replies":[{"embeddable":true,"href":"https:\/\/hamsayapi.com\/index.php\/wp-json\/wp\/v2\/comments?post=13713"}],"version-history":[{"count":1,"href":"https:\/\/hamsayapi.com\/index.php\/wp-json\/wp\/v2\/product\/13713\/revisions"}],"predecessor-version":[{"id":13715,"href":"https:\/\/hamsayapi.com\/index.php\/wp-json\/wp\/v2\/product\/13713\/revisions\/13715"}],"wp:featuredmedia":[{"embeddable":true,"href":"https:\/\/hamsayapi.com\/index.php\/wp-json\/wp\/v2\/media\/13714"}],"wp:attachment":[{"href":"https:\/\/hamsayapi.com\/index.php\/wp-json\/wp\/v2\/media?parent=13713"}],"wp:term":[{"taxonomy":"pwb-brand","embeddable":true,"href":"https:\/\/hamsayapi.com\/index.php\/wp-json\/wp\/v2\/pwb-brand?post=13713"},{"taxonomy":"product_brand","embeddable":true,"href":"https:\/\/hamsayapi.com\/index.php\/wp-json\/wp\/v2\/product_brand?post=13713"},{"taxonomy":"product_cat","embeddable":true,"href":"https:\/\/hamsayapi.com\/index.php\/wp-json\/wp\/v2\/product_cat?post=13713"},{"taxonomy":"product_tag","embeddable":true,"href":"https:\/\/hamsayapi.com\/index.php\/wp-json\/wp\/v2\/product_tag?post=13713"}],"curies":[{"name":"wp","href":"https:\/\/api.w.org\/{rel}","templated":true}]}}