{"id":12684,"date":"2024-04-27T21:52:16","date_gmt":"2024-04-27T18:52:16","guid":{"rendered":"https:\/\/hamsayapi.com\/?post_type=product&#038;p=12684"},"modified":"2024-04-27T21:52:16","modified_gmt":"2024-04-27T18:52:16","slug":"agir-tip-boru-anahtari-cenesi","status":"publish","type":"product","link":"https:\/\/hamsayapi.com\/index.php\/urun\/agir-tip-boru-anahtari-cenesi\/","title":{"rendered":"A\u011f\u0131r Tip Boru Anahtar\u0131 \u00c7enesi"},"content":{"rendered":"","protected":false},"excerpt":{"rendered":"","protected":false},"featured_media":12685,"comment_status":"open","ping_status":"closed","template":"","meta":[],"pwb-brand":[],"product_brand":[],"product_cat":[1221,951,952],"product_tag":[1224],"class_list":{"0":"post-12684","1":"product","2":"type-product","3":"status-publish","4":"has-post-thumbnail","6":"product_cat-boru-anahtarlari-ve-penseleri","7":"product_cat-el-aletleri","8":"product_cat-mekanik-el-aletleri","9":"product_tag-agir-tip-boru-anahtari-cenesi","11":"first","12":"instock","13":"shipping-taxable","14":"product-type-simple"},"brands":[],"_links":{"self":[{"href":"https:\/\/hamsayapi.com\/index.php\/wp-json\/wp\/v2\/product\/12684","targetHints":{"allow":["GET"]}}],"collection":[{"href":"https:\/\/hamsayapi.com\/index.php\/wp-json\/wp\/v2\/product"}],"about":[{"href":"https:\/\/hamsayapi.com\/index.php\/wp-json\/wp\/v2\/types\/product"}],"replies":[{"embeddable":true,"href":"https:\/\/hamsayapi.com\/index.php\/wp-json\/wp\/v2\/comments?post=12684"}],"version-history":[{"count":2,"href":"https:\/\/hamsayapi.com\/index.php\/wp-json\/wp\/v2\/product\/12684\/revisions"}],"predecessor-version":[{"id":12687,"href":"https:\/\/hamsayapi.com\/index.php\/wp-json\/wp\/v2\/product\/12684\/revisions\/12687"}],"wp:featuredmedia":[{"embeddable":true,"href":"https:\/\/hamsayapi.com\/index.php\/wp-json\/wp\/v2\/media\/12685"}],"wp:attachment":[{"href":"https:\/\/hamsayapi.com\/index.php\/wp-json\/wp\/v2\/media?parent=12684"}],"wp:term":[{"taxonomy":"pwb-brand","embeddable":true,"href":"https:\/\/hamsayapi.com\/index.php\/wp-json\/wp\/v2\/pwb-brand?post=12684"},{"taxonomy":"product_brand","embeddable":true,"href":"https:\/\/hamsayapi.com\/index.php\/wp-json\/wp\/v2\/product_brand?post=12684"},{"taxonomy":"product_cat","embeddable":true,"href":"https:\/\/hamsayapi.com\/index.php\/wp-json\/wp\/v2\/product_cat?post=12684"},{"taxonomy":"product_tag","embeddable":true,"href":"https:\/\/hamsayapi.com\/index.php\/wp-json\/wp\/v2\/product_tag?post=12684"}],"curies":[{"name":"wp","href":"https:\/\/api.w.org\/{rel}","templated":true}]}}