{"id":12653,"date":"2024-04-27T21:35:07","date_gmt":"2024-04-27T18:35:07","guid":{"rendered":"https:\/\/hamsayapi.com\/?post_type=product&#038;p=12653"},"modified":"2024-04-27T21:35:08","modified_gmt":"2024-04-27T18:35:08","slug":"dis-rulman-cektirme-ceneleri","status":"publish","type":"product","link":"https:\/\/hamsayapi.com\/index.php\/urun\/dis-rulman-cektirme-ceneleri\/","title":{"rendered":"D\u0131\u015f Rulman \u00c7ektirme \u00c7eneleri"},"content":{"rendered":"","protected":false},"excerpt":{"rendered":"","protected":false},"featured_media":12654,"comment_status":"open","ping_status":"closed","template":"","meta":[],"pwb-brand":[],"product_brand":[],"product_cat":[1200,951,952],"product_tag":[1215],"class_list":{"0":"post-12653","1":"product","2":"type-product","3":"status-publish","4":"has-post-thumbnail","6":"product_cat-cektirmeler","7":"product_cat-el-aletleri","8":"product_cat-mekanik-el-aletleri","9":"product_tag-dis-rulman-cektirme-ceneleri","11":"first","12":"instock","13":"shipping-taxable","14":"product-type-simple"},"brands":[],"_links":{"self":[{"href":"https:\/\/hamsayapi.com\/index.php\/wp-json\/wp\/v2\/product\/12653","targetHints":{"allow":["GET"]}}],"collection":[{"href":"https:\/\/hamsayapi.com\/index.php\/wp-json\/wp\/v2\/product"}],"about":[{"href":"https:\/\/hamsayapi.com\/index.php\/wp-json\/wp\/v2\/types\/product"}],"replies":[{"embeddable":true,"href":"https:\/\/hamsayapi.com\/index.php\/wp-json\/wp\/v2\/comments?post=12653"}],"version-history":[{"count":1,"href":"https:\/\/hamsayapi.com\/index.php\/wp-json\/wp\/v2\/product\/12653\/revisions"}],"predecessor-version":[{"id":12655,"href":"https:\/\/hamsayapi.com\/index.php\/wp-json\/wp\/v2\/product\/12653\/revisions\/12655"}],"wp:featuredmedia":[{"embeddable":true,"href":"https:\/\/hamsayapi.com\/index.php\/wp-json\/wp\/v2\/media\/12654"}],"wp:attachment":[{"href":"https:\/\/hamsayapi.com\/index.php\/wp-json\/wp\/v2\/media?parent=12653"}],"wp:term":[{"taxonomy":"pwb-brand","embeddable":true,"href":"https:\/\/hamsayapi.com\/index.php\/wp-json\/wp\/v2\/pwb-brand?post=12653"},{"taxonomy":"product_brand","embeddable":true,"href":"https:\/\/hamsayapi.com\/index.php\/wp-json\/wp\/v2\/product_brand?post=12653"},{"taxonomy":"product_cat","embeddable":true,"href":"https:\/\/hamsayapi.com\/index.php\/wp-json\/wp\/v2\/product_cat?post=12653"},{"taxonomy":"product_tag","embeddable":true,"href":"https:\/\/hamsayapi.com\/index.php\/wp-json\/wp\/v2\/product_tag?post=12653"}],"curies":[{"name":"wp","href":"https:\/\/api.w.org\/{rel}","templated":true}]}}