{"id":12327,"date":"2024-04-26T23:35:26","date_gmt":"2024-04-26T20:35:26","guid":{"rendered":"https:\/\/hamsayapi.com\/?post_type=product&#038;p=12327"},"modified":"2024-04-26T23:35:27","modified_gmt":"2024-04-26T20:35:27","slug":"6207-aluminyum-ve-sac-kesme-makasi-duz","status":"publish","type":"product","link":"https:\/\/hamsayapi.com\/index.php\/urun\/6207-aluminyum-ve-sac-kesme-makasi-duz\/","title":{"rendered":"6207 Al\u00fcminyum ve sac kesme makas\u0131 d\u00fcz"},"content":{"rendered":"","protected":false},"excerpt":{"rendered":"","protected":false},"featured_media":12328,"comment_status":"open","ping_status":"closed","template":"","meta":[],"pwb-brand":[],"product_brand":[],"product_cat":[951,1118,952],"product_tag":[1124],"class_list":{"0":"post-12327","1":"product","2":"type-product","3":"status-publish","4":"has-post-thumbnail","6":"product_cat-el-aletleri","7":"product_cat-makaslar","8":"product_cat-mekanik-el-aletleri","9":"product_tag-6207-aluminyum-ve-sac-kesme-makasi-duz","11":"first","12":"instock","13":"shipping-taxable","14":"product-type-simple"},"brands":[],"_links":{"self":[{"href":"https:\/\/hamsayapi.com\/index.php\/wp-json\/wp\/v2\/product\/12327","targetHints":{"allow":["GET"]}}],"collection":[{"href":"https:\/\/hamsayapi.com\/index.php\/wp-json\/wp\/v2\/product"}],"about":[{"href":"https:\/\/hamsayapi.com\/index.php\/wp-json\/wp\/v2\/types\/product"}],"replies":[{"embeddable":true,"href":"https:\/\/hamsayapi.com\/index.php\/wp-json\/wp\/v2\/comments?post=12327"}],"version-history":[{"count":2,"href":"https:\/\/hamsayapi.com\/index.php\/wp-json\/wp\/v2\/product\/12327\/revisions"}],"predecessor-version":[{"id":12330,"href":"https:\/\/hamsayapi.com\/index.php\/wp-json\/wp\/v2\/product\/12327\/revisions\/12330"}],"wp:featuredmedia":[{"embeddable":true,"href":"https:\/\/hamsayapi.com\/index.php\/wp-json\/wp\/v2\/media\/12328"}],"wp:attachment":[{"href":"https:\/\/hamsayapi.com\/index.php\/wp-json\/wp\/v2\/media?parent=12327"}],"wp:term":[{"taxonomy":"pwb-brand","embeddable":true,"href":"https:\/\/hamsayapi.com\/index.php\/wp-json\/wp\/v2\/pwb-brand?post=12327"},{"taxonomy":"product_brand","embeddable":true,"href":"https:\/\/hamsayapi.com\/index.php\/wp-json\/wp\/v2\/product_brand?post=12327"},{"taxonomy":"product_cat","embeddable":true,"href":"https:\/\/hamsayapi.com\/index.php\/wp-json\/wp\/v2\/product_cat?post=12327"},{"taxonomy":"product_tag","embeddable":true,"href":"https:\/\/hamsayapi.com\/index.php\/wp-json\/wp\/v2\/product_tag?post=12327"}],"curies":[{"name":"wp","href":"https:\/\/api.w.org\/{rel}","templated":true}]}}