{"id":12234,"date":"2024-04-24T22:44:36","date_gmt":"2024-04-24T19:44:36","guid":{"rendered":"https:\/\/hamsayapi.com\/?post_type=product&#038;p=12234"},"modified":"2024-04-24T22:44:37","modified_gmt":"2024-04-24T19:44:37","slug":"kayis-zimba","status":"publish","type":"product","link":"https:\/\/hamsayapi.com\/index.php\/urun\/kayis-zimba\/","title":{"rendered":"Kay\u0131\u015f Z\u0131mba"},"content":{"rendered":"","protected":false},"excerpt":{"rendered":"","protected":false},"featured_media":12235,"comment_status":"open","ping_status":"closed","template":"","meta":[],"pwb-brand":[],"product_brand":[],"product_cat":[951,1088,952],"product_tag":[1097],"class_list":{"0":"post-12234","1":"product","2":"type-product","3":"status-publish","4":"has-post-thumbnail","6":"product_cat-el-aletleri","7":"product_cat-keskiler-ve-cekicler","8":"product_cat-mekanik-el-aletleri","9":"product_tag-kayis-zimba","11":"first","12":"instock","13":"shipping-taxable","14":"product-type-simple"},"brands":[],"_links":{"self":[{"href":"https:\/\/hamsayapi.com\/index.php\/wp-json\/wp\/v2\/product\/12234","targetHints":{"allow":["GET"]}}],"collection":[{"href":"https:\/\/hamsayapi.com\/index.php\/wp-json\/wp\/v2\/product"}],"about":[{"href":"https:\/\/hamsayapi.com\/index.php\/wp-json\/wp\/v2\/types\/product"}],"replies":[{"embeddable":true,"href":"https:\/\/hamsayapi.com\/index.php\/wp-json\/wp\/v2\/comments?post=12234"}],"version-history":[{"count":1,"href":"https:\/\/hamsayapi.com\/index.php\/wp-json\/wp\/v2\/product\/12234\/revisions"}],"predecessor-version":[{"id":12236,"href":"https:\/\/hamsayapi.com\/index.php\/wp-json\/wp\/v2\/product\/12234\/revisions\/12236"}],"wp:featuredmedia":[{"embeddable":true,"href":"https:\/\/hamsayapi.com\/index.php\/wp-json\/wp\/v2\/media\/12235"}],"wp:attachment":[{"href":"https:\/\/hamsayapi.com\/index.php\/wp-json\/wp\/v2\/media?parent=12234"}],"wp:term":[{"taxonomy":"pwb-brand","embeddable":true,"href":"https:\/\/hamsayapi.com\/index.php\/wp-json\/wp\/v2\/pwb-brand?post=12234"},{"taxonomy":"product_brand","embeddable":true,"href":"https:\/\/hamsayapi.com\/index.php\/wp-json\/wp\/v2\/product_brand?post=12234"},{"taxonomy":"product_cat","embeddable":true,"href":"https:\/\/hamsayapi.com\/index.php\/wp-json\/wp\/v2\/product_cat?post=12234"},{"taxonomy":"product_tag","embeddable":true,"href":"https:\/\/hamsayapi.com\/index.php\/wp-json\/wp\/v2\/product_tag?post=12234"}],"curies":[{"name":"wp","href":"https:\/\/api.w.org\/{rel}","templated":true}]}}