{"id":11948,"date":"2024-04-23T21:50:42","date_gmt":"2024-04-23T18:50:42","guid":{"rendered":"https:\/\/hamsayapi.com\/?post_type=product&#038;p=11948"},"modified":"2024-04-23T21:50:43","modified_gmt":"2024-04-23T18:50:43","slug":"4101-sungusu-izoleli-duz-uclu-tornavida","status":"publish","type":"product","link":"https:\/\/hamsayapi.com\/index.php\/urun\/4101-sungusu-izoleli-duz-uclu-tornavida\/","title":{"rendered":"4101 S\u00fcng\u00fcs\u00fc \u0130zoleli D\u00fcz U\u00e7lu Tornavida"},"content":{"rendered":"","protected":false},"excerpt":{"rendered":"","protected":false},"featured_media":11949,"comment_status":"open","ping_status":"closed","template":"","meta":[],"pwb-brand":[],"product_brand":[],"product_cat":[951,952,994],"product_tag":[1018],"class_list":{"0":"post-11948","1":"product","2":"type-product","3":"status-publish","4":"has-post-thumbnail","6":"product_cat-el-aletleri","7":"product_cat-mekanik-el-aletleri","8":"product_cat-tornavidalar-ve-allen-anahtarlar","9":"product_tag-4101-sungusu-izoleli-duz-uclu-tornavida","11":"first","12":"instock","13":"shipping-taxable","14":"product-type-simple"},"brands":[],"_links":{"self":[{"href":"https:\/\/hamsayapi.com\/index.php\/wp-json\/wp\/v2\/product\/11948","targetHints":{"allow":["GET"]}}],"collection":[{"href":"https:\/\/hamsayapi.com\/index.php\/wp-json\/wp\/v2\/product"}],"about":[{"href":"https:\/\/hamsayapi.com\/index.php\/wp-json\/wp\/v2\/types\/product"}],"replies":[{"embeddable":true,"href":"https:\/\/hamsayapi.com\/index.php\/wp-json\/wp\/v2\/comments?post=11948"}],"version-history":[{"count":2,"href":"https:\/\/hamsayapi.com\/index.php\/wp-json\/wp\/v2\/product\/11948\/revisions"}],"predecessor-version":[{"id":11951,"href":"https:\/\/hamsayapi.com\/index.php\/wp-json\/wp\/v2\/product\/11948\/revisions\/11951"}],"wp:featuredmedia":[{"embeddable":true,"href":"https:\/\/hamsayapi.com\/index.php\/wp-json\/wp\/v2\/media\/11949"}],"wp:attachment":[{"href":"https:\/\/hamsayapi.com\/index.php\/wp-json\/wp\/v2\/media?parent=11948"}],"wp:term":[{"taxonomy":"pwb-brand","embeddable":true,"href":"https:\/\/hamsayapi.com\/index.php\/wp-json\/wp\/v2\/pwb-brand?post=11948"},{"taxonomy":"product_brand","embeddable":true,"href":"https:\/\/hamsayapi.com\/index.php\/wp-json\/wp\/v2\/product_brand?post=11948"},{"taxonomy":"product_cat","embeddable":true,"href":"https:\/\/hamsayapi.com\/index.php\/wp-json\/wp\/v2\/product_cat?post=11948"},{"taxonomy":"product_tag","embeddable":true,"href":"https:\/\/hamsayapi.com\/index.php\/wp-json\/wp\/v2\/product_tag?post=11948"}],"curies":[{"name":"wp","href":"https:\/\/api.w.org\/{rel}","templated":true}]}}