{"id":11941,"date":"2024-04-23T21:49:40","date_gmt":"2024-04-23T18:49:40","guid":{"rendered":"https:\/\/hamsayapi.com\/?post_type=product&#038;p=11941"},"modified":"2024-04-23T21:49:41","modified_gmt":"2024-04-23T18:49:41","slug":"4560-elektrik-kontrol-kalemi-yildiz-uclu","status":"publish","type":"product","link":"https:\/\/hamsayapi.com\/index.php\/urun\/4560-elektrik-kontrol-kalemi-yildiz-uclu\/","title":{"rendered":"4560 Elektrik Kontrol Kalemi (Y\u0131ld\u0131z U\u00e7lu)"},"content":{"rendered":"","protected":false},"excerpt":{"rendered":"","protected":false},"featured_media":11942,"comment_status":"open","ping_status":"closed","template":"","meta":[],"pwb-brand":[],"product_brand":[],"product_cat":[951,952,994],"product_tag":[1016],"class_list":{"0":"post-11941","1":"product","2":"type-product","3":"status-publish","4":"has-post-thumbnail","6":"product_cat-el-aletleri","7":"product_cat-mekanik-el-aletleri","8":"product_cat-tornavidalar-ve-allen-anahtarlar","9":"product_tag-4560-elektrik-kontrol-kalemi-yildiz-uclu","11":"first","12":"instock","13":"shipping-taxable","14":"product-type-simple"},"brands":[],"_links":{"self":[{"href":"https:\/\/hamsayapi.com\/index.php\/wp-json\/wp\/v2\/product\/11941","targetHints":{"allow":["GET"]}}],"collection":[{"href":"https:\/\/hamsayapi.com\/index.php\/wp-json\/wp\/v2\/product"}],"about":[{"href":"https:\/\/hamsayapi.com\/index.php\/wp-json\/wp\/v2\/types\/product"}],"replies":[{"embeddable":true,"href":"https:\/\/hamsayapi.com\/index.php\/wp-json\/wp\/v2\/comments?post=11941"}],"version-history":[{"count":1,"href":"https:\/\/hamsayapi.com\/index.php\/wp-json\/wp\/v2\/product\/11941\/revisions"}],"predecessor-version":[{"id":11943,"href":"https:\/\/hamsayapi.com\/index.php\/wp-json\/wp\/v2\/product\/11941\/revisions\/11943"}],"wp:featuredmedia":[{"embeddable":true,"href":"https:\/\/hamsayapi.com\/index.php\/wp-json\/wp\/v2\/media\/11942"}],"wp:attachment":[{"href":"https:\/\/hamsayapi.com\/index.php\/wp-json\/wp\/v2\/media?parent=11941"}],"wp:term":[{"taxonomy":"pwb-brand","embeddable":true,"href":"https:\/\/hamsayapi.com\/index.php\/wp-json\/wp\/v2\/pwb-brand?post=11941"},{"taxonomy":"product_brand","embeddable":true,"href":"https:\/\/hamsayapi.com\/index.php\/wp-json\/wp\/v2\/product_brand?post=11941"},{"taxonomy":"product_cat","embeddable":true,"href":"https:\/\/hamsayapi.com\/index.php\/wp-json\/wp\/v2\/product_cat?post=11941"},{"taxonomy":"product_tag","embeddable":true,"href":"https:\/\/hamsayapi.com\/index.php\/wp-json\/wp\/v2\/product_tag?post=11941"}],"curies":[{"name":"wp","href":"https:\/\/api.w.org\/{rel}","templated":true}]}}