{"id":11906,"date":"2024-04-23T21:43:50","date_gmt":"2024-04-23T18:43:50","guid":{"rendered":"https:\/\/hamsayapi.com\/?post_type=product&#038;p=11906"},"modified":"2024-04-23T21:43:50","modified_gmt":"2024-04-23T18:43:50","slug":"4320-rod-seri-yidiz-uclu-tornavida","status":"publish","type":"product","link":"https:\/\/hamsayapi.com\/index.php\/urun\/4320-rod-seri-yidiz-uclu-tornavida\/","title":{"rendered":"4320 Rod Seri Y\u0131d\u0131z U\u00e7lu Tornavida"},"content":{"rendered":"","protected":false},"excerpt":{"rendered":"","protected":false},"featured_media":11907,"comment_status":"open","ping_status":"closed","template":"","meta":[],"pwb-brand":[],"product_brand":[],"product_cat":[951,952,994],"product_tag":[1006],"class_list":{"0":"post-11906","1":"product","2":"type-product","3":"status-publish","4":"has-post-thumbnail","6":"product_cat-el-aletleri","7":"product_cat-mekanik-el-aletleri","8":"product_cat-tornavidalar-ve-allen-anahtarlar","9":"product_tag-4320-rod-seri-yidiz-uclu-tornavida","11":"first","12":"instock","13":"shipping-taxable","14":"product-type-simple"},"brands":[],"_links":{"self":[{"href":"https:\/\/hamsayapi.com\/index.php\/wp-json\/wp\/v2\/product\/11906","targetHints":{"allow":["GET"]}}],"collection":[{"href":"https:\/\/hamsayapi.com\/index.php\/wp-json\/wp\/v2\/product"}],"about":[{"href":"https:\/\/hamsayapi.com\/index.php\/wp-json\/wp\/v2\/types\/product"}],"replies":[{"embeddable":true,"href":"https:\/\/hamsayapi.com\/index.php\/wp-json\/wp\/v2\/comments?post=11906"}],"version-history":[{"count":1,"href":"https:\/\/hamsayapi.com\/index.php\/wp-json\/wp\/v2\/product\/11906\/revisions"}],"predecessor-version":[{"id":11908,"href":"https:\/\/hamsayapi.com\/index.php\/wp-json\/wp\/v2\/product\/11906\/revisions\/11908"}],"wp:featuredmedia":[{"embeddable":true,"href":"https:\/\/hamsayapi.com\/index.php\/wp-json\/wp\/v2\/media\/11907"}],"wp:attachment":[{"href":"https:\/\/hamsayapi.com\/index.php\/wp-json\/wp\/v2\/media?parent=11906"}],"wp:term":[{"taxonomy":"pwb-brand","embeddable":true,"href":"https:\/\/hamsayapi.com\/index.php\/wp-json\/wp\/v2\/pwb-brand?post=11906"},{"taxonomy":"product_brand","embeddable":true,"href":"https:\/\/hamsayapi.com\/index.php\/wp-json\/wp\/v2\/product_brand?post=11906"},{"taxonomy":"product_cat","embeddable":true,"href":"https:\/\/hamsayapi.com\/index.php\/wp-json\/wp\/v2\/product_cat?post=11906"},{"taxonomy":"product_tag","embeddable":true,"href":"https:\/\/hamsayapi.com\/index.php\/wp-json\/wp\/v2\/product_tag?post=11906"}],"curies":[{"name":"wp","href":"https:\/\/api.w.org\/{rel}","templated":true}]}}