{"id":11899,"date":"2024-04-23T21:42:46","date_gmt":"2024-04-23T18:42:46","guid":{"rendered":"https:\/\/hamsayapi.com\/?post_type=product&#038;p=11899"},"modified":"2024-04-23T21:42:46","modified_gmt":"2024-04-23T18:42:46","slug":"4145-1000v-izoleli-elektrikci-yildiz-uclu-tornavida","status":"publish","type":"product","link":"https:\/\/hamsayapi.com\/index.php\/urun\/4145-1000v-izoleli-elektrikci-yildiz-uclu-tornavida\/","title":{"rendered":"4145 1000V \u0130zoleli Elektrik\u00e7i Y\u0131ld\u0131z U\u00e7lu Tornavida"},"content":{"rendered":"","protected":false},"excerpt":{"rendered":"","protected":false},"featured_media":11900,"comment_status":"open","ping_status":"closed","template":"","meta":[],"pwb-brand":[],"product_brand":[],"product_cat":[951,952,994],"product_tag":[1004],"class_list":{"0":"post-11899","1":"product","2":"type-product","3":"status-publish","4":"has-post-thumbnail","6":"product_cat-el-aletleri","7":"product_cat-mekanik-el-aletleri","8":"product_cat-tornavidalar-ve-allen-anahtarlar","9":"product_tag-4145-1000v-izoleli-elektrikci-yildiz-uclu-tornavida","11":"first","12":"instock","13":"shipping-taxable","14":"product-type-simple"},"brands":[],"_links":{"self":[{"href":"https:\/\/hamsayapi.com\/index.php\/wp-json\/wp\/v2\/product\/11899","targetHints":{"allow":["GET"]}}],"collection":[{"href":"https:\/\/hamsayapi.com\/index.php\/wp-json\/wp\/v2\/product"}],"about":[{"href":"https:\/\/hamsayapi.com\/index.php\/wp-json\/wp\/v2\/types\/product"}],"replies":[{"embeddable":true,"href":"https:\/\/hamsayapi.com\/index.php\/wp-json\/wp\/v2\/comments?post=11899"}],"version-history":[{"count":2,"href":"https:\/\/hamsayapi.com\/index.php\/wp-json\/wp\/v2\/product\/11899\/revisions"}],"predecessor-version":[{"id":11902,"href":"https:\/\/hamsayapi.com\/index.php\/wp-json\/wp\/v2\/product\/11899\/revisions\/11902"}],"wp:featuredmedia":[{"embeddable":true,"href":"https:\/\/hamsayapi.com\/index.php\/wp-json\/wp\/v2\/media\/11900"}],"wp:attachment":[{"href":"https:\/\/hamsayapi.com\/index.php\/wp-json\/wp\/v2\/media?parent=11899"}],"wp:term":[{"taxonomy":"pwb-brand","embeddable":true,"href":"https:\/\/hamsayapi.com\/index.php\/wp-json\/wp\/v2\/pwb-brand?post=11899"},{"taxonomy":"product_brand","embeddable":true,"href":"https:\/\/hamsayapi.com\/index.php\/wp-json\/wp\/v2\/product_brand?post=11899"},{"taxonomy":"product_cat","embeddable":true,"href":"https:\/\/hamsayapi.com\/index.php\/wp-json\/wp\/v2\/product_cat?post=11899"},{"taxonomy":"product_tag","embeddable":true,"href":"https:\/\/hamsayapi.com\/index.php\/wp-json\/wp\/v2\/product_tag?post=11899"}],"curies":[{"name":"wp","href":"https:\/\/api.w.org\/{rel}","templated":true}]}}