{"id":11843,"date":"2024-04-23T21:31:09","date_gmt":"2024-04-23T18:31:09","guid":{"rendered":"https:\/\/hamsayapi.com\/?post_type=product&#038;p=11843"},"modified":"2024-04-23T21:31:09","modified_gmt":"2024-04-23T18:31:09","slug":"yarim-ay-anahtar-yildiz-iki-agiz-sae","status":"publish","type":"product","link":"https:\/\/hamsayapi.com\/index.php\/urun\/yarim-ay-anahtar-yildiz-iki-agiz-sae\/","title":{"rendered":"Yar\u0131m Ay Anahtar Y\u0131ld\u0131z \u0130ki A\u011f\u0131z (SAE)"},"content":{"rendered":"","protected":false},"excerpt":{"rendered":"","protected":false},"featured_media":11844,"comment_status":"open","ping_status":"closed","template":"","meta":[],"pwb-brand":[],"product_brand":[],"product_cat":[951,956,952],"product_tag":[986],"class_list":{"0":"post-11843","1":"product","2":"type-product","3":"status-publish","4":"has-post-thumbnail","6":"product_cat-el-aletleri","7":"product_cat-ingiliz-anahtarlari","8":"product_cat-mekanik-el-aletleri","9":"product_tag-yarim-ay-anahtar-yildiz-iki-agiz-sae","11":"first","12":"instock","13":"shipping-taxable","14":"product-type-simple"},"brands":[],"_links":{"self":[{"href":"https:\/\/hamsayapi.com\/index.php\/wp-json\/wp\/v2\/product\/11843","targetHints":{"allow":["GET"]}}],"collection":[{"href":"https:\/\/hamsayapi.com\/index.php\/wp-json\/wp\/v2\/product"}],"about":[{"href":"https:\/\/hamsayapi.com\/index.php\/wp-json\/wp\/v2\/types\/product"}],"replies":[{"embeddable":true,"href":"https:\/\/hamsayapi.com\/index.php\/wp-json\/wp\/v2\/comments?post=11843"}],"version-history":[{"count":1,"href":"https:\/\/hamsayapi.com\/index.php\/wp-json\/wp\/v2\/product\/11843\/revisions"}],"predecessor-version":[{"id":11845,"href":"https:\/\/hamsayapi.com\/index.php\/wp-json\/wp\/v2\/product\/11843\/revisions\/11845"}],"wp:featuredmedia":[{"embeddable":true,"href":"https:\/\/hamsayapi.com\/index.php\/wp-json\/wp\/v2\/media\/11844"}],"wp:attachment":[{"href":"https:\/\/hamsayapi.com\/index.php\/wp-json\/wp\/v2\/media?parent=11843"}],"wp:term":[{"taxonomy":"pwb-brand","embeddable":true,"href":"https:\/\/hamsayapi.com\/index.php\/wp-json\/wp\/v2\/pwb-brand?post=11843"},{"taxonomy":"product_brand","embeddable":true,"href":"https:\/\/hamsayapi.com\/index.php\/wp-json\/wp\/v2\/product_brand?post=11843"},{"taxonomy":"product_cat","embeddable":true,"href":"https:\/\/hamsayapi.com\/index.php\/wp-json\/wp\/v2\/product_cat?post=11843"},{"taxonomy":"product_tag","embeddable":true,"href":"https:\/\/hamsayapi.com\/index.php\/wp-json\/wp\/v2\/product_tag?post=11843"}],"curies":[{"name":"wp","href":"https:\/\/api.w.org\/{rel}","templated":true}]}}