{"id":11835,"date":"2024-04-23T21:30:05","date_gmt":"2024-04-23T18:30:05","guid":{"rendered":"https:\/\/hamsayapi.com\/?post_type=product&#038;p=11835"},"modified":"2024-04-23T21:30:05","modified_gmt":"2024-04-23T18:30:05","slug":"duz-yildiz-anahtar-takimi","status":"publish","type":"product","link":"https:\/\/hamsayapi.com\/index.php\/urun\/duz-yildiz-anahtar-takimi\/","title":{"rendered":"D\u00fcz Y\u0131ld\u0131z Anahtar Tak\u0131m\u0131"},"content":{"rendered":"","protected":false},"excerpt":{"rendered":"","protected":false},"featured_media":11836,"comment_status":"open","ping_status":"closed","template":"","meta":[],"pwb-brand":[],"product_brand":[],"product_cat":[951,956,952],"product_tag":[984],"class_list":{"0":"post-11835","1":"product","2":"type-product","3":"status-publish","4":"has-post-thumbnail","6":"product_cat-el-aletleri","7":"product_cat-ingiliz-anahtarlari","8":"product_cat-mekanik-el-aletleri","9":"product_tag-duz-yildiz-anahtar-takimi","11":"first","12":"instock","13":"shipping-taxable","14":"product-type-simple"},"brands":[],"_links":{"self":[{"href":"https:\/\/hamsayapi.com\/index.php\/wp-json\/wp\/v2\/product\/11835","targetHints":{"allow":["GET"]}}],"collection":[{"href":"https:\/\/hamsayapi.com\/index.php\/wp-json\/wp\/v2\/product"}],"about":[{"href":"https:\/\/hamsayapi.com\/index.php\/wp-json\/wp\/v2\/types\/product"}],"replies":[{"embeddable":true,"href":"https:\/\/hamsayapi.com\/index.php\/wp-json\/wp\/v2\/comments?post=11835"}],"version-history":[{"count":2,"href":"https:\/\/hamsayapi.com\/index.php\/wp-json\/wp\/v2\/product\/11835\/revisions"}],"predecessor-version":[{"id":11838,"href":"https:\/\/hamsayapi.com\/index.php\/wp-json\/wp\/v2\/product\/11835\/revisions\/11838"}],"wp:featuredmedia":[{"embeddable":true,"href":"https:\/\/hamsayapi.com\/index.php\/wp-json\/wp\/v2\/media\/11836"}],"wp:attachment":[{"href":"https:\/\/hamsayapi.com\/index.php\/wp-json\/wp\/v2\/media?parent=11835"}],"wp:term":[{"taxonomy":"pwb-brand","embeddable":true,"href":"https:\/\/hamsayapi.com\/index.php\/wp-json\/wp\/v2\/pwb-brand?post=11835"},{"taxonomy":"product_brand","embeddable":true,"href":"https:\/\/hamsayapi.com\/index.php\/wp-json\/wp\/v2\/product_brand?post=11835"},{"taxonomy":"product_cat","embeddable":true,"href":"https:\/\/hamsayapi.com\/index.php\/wp-json\/wp\/v2\/product_cat?post=11835"},{"taxonomy":"product_tag","embeddable":true,"href":"https:\/\/hamsayapi.com\/index.php\/wp-json\/wp\/v2\/product_tag?post=11835"}],"curies":[{"name":"wp","href":"https:\/\/api.w.org\/{rel}","templated":true}]}}