{"id":11760,"date":"2024-04-23T20:11:43","date_gmt":"2024-04-23T17:11:43","guid":{"rendered":"https:\/\/hamsayapi.com\/?post_type=product&#038;p=11760"},"modified":"2024-04-23T20:11:44","modified_gmt":"2024-04-23T17:11:44","slug":"iki-agiz-tacli-anahtar","status":"publish","type":"product","link":"https:\/\/hamsayapi.com\/index.php\/urun\/iki-agiz-tacli-anahtar\/","title":{"rendered":"\u0130ki A\u011f\u0131z Ta\u00e7l\u0131 Anahtar"},"content":{"rendered":"","protected":false},"excerpt":{"rendered":"","protected":false},"featured_media":11761,"comment_status":"open","ping_status":"closed","template":"","meta":[],"pwb-brand":[],"product_brand":[],"product_cat":[951,956,952],"product_tag":[962],"class_list":{"0":"post-11760","1":"product","2":"type-product","3":"status-publish","4":"has-post-thumbnail","6":"product_cat-el-aletleri","7":"product_cat-ingiliz-anahtarlari","8":"product_cat-mekanik-el-aletleri","9":"product_tag-iki-agiz-tacli-anahtar","11":"first","12":"instock","13":"shipping-taxable","14":"product-type-simple"},"brands":[],"_links":{"self":[{"href":"https:\/\/hamsayapi.com\/index.php\/wp-json\/wp\/v2\/product\/11760","targetHints":{"allow":["GET"]}}],"collection":[{"href":"https:\/\/hamsayapi.com\/index.php\/wp-json\/wp\/v2\/product"}],"about":[{"href":"https:\/\/hamsayapi.com\/index.php\/wp-json\/wp\/v2\/types\/product"}],"replies":[{"embeddable":true,"href":"https:\/\/hamsayapi.com\/index.php\/wp-json\/wp\/v2\/comments?post=11760"}],"version-history":[{"count":1,"href":"https:\/\/hamsayapi.com\/index.php\/wp-json\/wp\/v2\/product\/11760\/revisions"}],"predecessor-version":[{"id":11762,"href":"https:\/\/hamsayapi.com\/index.php\/wp-json\/wp\/v2\/product\/11760\/revisions\/11762"}],"wp:featuredmedia":[{"embeddable":true,"href":"https:\/\/hamsayapi.com\/index.php\/wp-json\/wp\/v2\/media\/11761"}],"wp:attachment":[{"href":"https:\/\/hamsayapi.com\/index.php\/wp-json\/wp\/v2\/media?parent=11760"}],"wp:term":[{"taxonomy":"pwb-brand","embeddable":true,"href":"https:\/\/hamsayapi.com\/index.php\/wp-json\/wp\/v2\/pwb-brand?post=11760"},{"taxonomy":"product_brand","embeddable":true,"href":"https:\/\/hamsayapi.com\/index.php\/wp-json\/wp\/v2\/product_brand?post=11760"},{"taxonomy":"product_cat","embeddable":true,"href":"https:\/\/hamsayapi.com\/index.php\/wp-json\/wp\/v2\/product_cat?post=11760"},{"taxonomy":"product_tag","embeddable":true,"href":"https:\/\/hamsayapi.com\/index.php\/wp-json\/wp\/v2\/product_tag?post=11760"}],"curies":[{"name":"wp","href":"https:\/\/api.w.org\/{rel}","templated":true}]}}