{"id":11747,"date":"2024-04-23T20:09:30","date_gmt":"2024-04-23T17:09:30","guid":{"rendered":"https:\/\/hamsayapi.com\/?post_type=product&#038;p=11747"},"modified":"2024-04-23T20:09:30","modified_gmt":"2024-04-23T17:09:30","slug":"iki-agiz-anahtar-uzun-boy","status":"publish","type":"product","link":"https:\/\/hamsayapi.com\/index.php\/urun\/iki-agiz-anahtar-uzun-boy\/","title":{"rendered":"\u0130ki A\u011f\u0131z Anahtar Uzun Boy"},"content":{"rendered":"","protected":false},"excerpt":{"rendered":"","protected":false},"featured_media":11748,"comment_status":"open","ping_status":"closed","template":"","meta":[],"pwb-brand":[],"product_brand":[],"product_cat":[951,956,952],"product_tag":[959],"class_list":{"0":"post-11747","1":"product","2":"type-product","3":"status-publish","4":"has-post-thumbnail","6":"product_cat-el-aletleri","7":"product_cat-ingiliz-anahtarlari","8":"product_cat-mekanik-el-aletleri","9":"product_tag-iki-agiz-anahtar-uzun-boy","11":"first","12":"instock","13":"shipping-taxable","14":"product-type-simple"},"brands":[],"_links":{"self":[{"href":"https:\/\/hamsayapi.com\/index.php\/wp-json\/wp\/v2\/product\/11747","targetHints":{"allow":["GET"]}}],"collection":[{"href":"https:\/\/hamsayapi.com\/index.php\/wp-json\/wp\/v2\/product"}],"about":[{"href":"https:\/\/hamsayapi.com\/index.php\/wp-json\/wp\/v2\/types\/product"}],"replies":[{"embeddable":true,"href":"https:\/\/hamsayapi.com\/index.php\/wp-json\/wp\/v2\/comments?post=11747"}],"version-history":[{"count":2,"href":"https:\/\/hamsayapi.com\/index.php\/wp-json\/wp\/v2\/product\/11747\/revisions"}],"predecessor-version":[{"id":11750,"href":"https:\/\/hamsayapi.com\/index.php\/wp-json\/wp\/v2\/product\/11747\/revisions\/11750"}],"wp:featuredmedia":[{"embeddable":true,"href":"https:\/\/hamsayapi.com\/index.php\/wp-json\/wp\/v2\/media\/11748"}],"wp:attachment":[{"href":"https:\/\/hamsayapi.com\/index.php\/wp-json\/wp\/v2\/media?parent=11747"}],"wp:term":[{"taxonomy":"pwb-brand","embeddable":true,"href":"https:\/\/hamsayapi.com\/index.php\/wp-json\/wp\/v2\/pwb-brand?post=11747"},{"taxonomy":"product_brand","embeddable":true,"href":"https:\/\/hamsayapi.com\/index.php\/wp-json\/wp\/v2\/product_brand?post=11747"},{"taxonomy":"product_cat","embeddable":true,"href":"https:\/\/hamsayapi.com\/index.php\/wp-json\/wp\/v2\/product_cat?post=11747"},{"taxonomy":"product_tag","embeddable":true,"href":"https:\/\/hamsayapi.com\/index.php\/wp-json\/wp\/v2\/product_tag?post=11747"}],"curies":[{"name":"wp","href":"https:\/\/api.w.org\/{rel}","templated":true}]}}