{"id":11624,"date":"2024-04-23T19:13:48","date_gmt":"2024-04-23T16:13:48","guid":{"rendered":"https:\/\/hamsayapi.com\/?post_type=product&#038;p=11624"},"modified":"2024-04-23T19:13:49","modified_gmt":"2024-04-23T16:13:49","slug":"silikon-kartus-tabancasi-iskelet","status":"publish","type":"product","link":"https:\/\/hamsayapi.com\/index.php\/urun\/silikon-kartus-tabancasi-iskelet\/","title":{"rendered":"Silikon Kartu\u015f Tabancas\u0131 \u0130skelet"},"content":{"rendered":"","protected":false},"excerpt":{"rendered":"","protected":false},"featured_media":11625,"comment_status":"open","ping_status":"closed","template":"","meta":[],"pwb-brand":[],"product_brand":[],"product_cat":[695,910],"product_tag":[914],"class_list":{"0":"post-11624","1":"product","2":"type-product","3":"status-publish","4":"has-post-thumbnail","6":"product_cat-hirdavat-urunleri","7":"product_cat-tabancalar","8":"product_tag-silikon-kartus-tabancasi-iskelet","10":"first","11":"instock","12":"shipping-taxable","13":"product-type-simple"},"brands":[],"_links":{"self":[{"href":"https:\/\/hamsayapi.com\/index.php\/wp-json\/wp\/v2\/product\/11624","targetHints":{"allow":["GET"]}}],"collection":[{"href":"https:\/\/hamsayapi.com\/index.php\/wp-json\/wp\/v2\/product"}],"about":[{"href":"https:\/\/hamsayapi.com\/index.php\/wp-json\/wp\/v2\/types\/product"}],"replies":[{"embeddable":true,"href":"https:\/\/hamsayapi.com\/index.php\/wp-json\/wp\/v2\/comments?post=11624"}],"version-history":[{"count":2,"href":"https:\/\/hamsayapi.com\/index.php\/wp-json\/wp\/v2\/product\/11624\/revisions"}],"predecessor-version":[{"id":11627,"href":"https:\/\/hamsayapi.com\/index.php\/wp-json\/wp\/v2\/product\/11624\/revisions\/11627"}],"wp:featuredmedia":[{"embeddable":true,"href":"https:\/\/hamsayapi.com\/index.php\/wp-json\/wp\/v2\/media\/11625"}],"wp:attachment":[{"href":"https:\/\/hamsayapi.com\/index.php\/wp-json\/wp\/v2\/media?parent=11624"}],"wp:term":[{"taxonomy":"pwb-brand","embeddable":true,"href":"https:\/\/hamsayapi.com\/index.php\/wp-json\/wp\/v2\/pwb-brand?post=11624"},{"taxonomy":"product_brand","embeddable":true,"href":"https:\/\/hamsayapi.com\/index.php\/wp-json\/wp\/v2\/product_brand?post=11624"},{"taxonomy":"product_cat","embeddable":true,"href":"https:\/\/hamsayapi.com\/index.php\/wp-json\/wp\/v2\/product_cat?post=11624"},{"taxonomy":"product_tag","embeddable":true,"href":"https:\/\/hamsayapi.com\/index.php\/wp-json\/wp\/v2\/product_tag?post=11624"}],"curies":[{"name":"wp","href":"https:\/\/api.w.org\/{rel}","templated":true}]}}