{"id":11465,"date":"2024-04-23T17:35:55","date_gmt":"2024-04-23T14:35:55","guid":{"rendered":"https:\/\/hamsayapi.com\/?post_type=product&#038;p=11465"},"modified":"2024-04-23T17:35:55","modified_gmt":"2024-04-23T14:35:55","slug":"sari-bordur-profil-super-ayna","status":"publish","type":"product","link":"https:\/\/hamsayapi.com\/index.php\/urun\/sari-bordur-profil-super-ayna\/","title":{"rendered":"Sar\u0131 Bord\u00fcr Profil S\u00fcper Ayna"},"content":{"rendered":"","protected":false},"excerpt":{"rendered":"","protected":false},"featured_media":11466,"comment_status":"open","ping_status":"closed","template":"","meta":[],"pwb-brand":[],"product_brand":[],"product_cat":[695,852],"product_tag":[862],"class_list":{"0":"post-11465","1":"product","2":"type-product","3":"status-publish","4":"has-post-thumbnail","6":"product_cat-hirdavat-urunleri","7":"product_cat-seramik-profilleri","8":"product_tag-sari-bordur-profil-super-ayna","10":"first","11":"instock","12":"shipping-taxable","13":"product-type-simple"},"brands":[],"_links":{"self":[{"href":"https:\/\/hamsayapi.com\/index.php\/wp-json\/wp\/v2\/product\/11465","targetHints":{"allow":["GET"]}}],"collection":[{"href":"https:\/\/hamsayapi.com\/index.php\/wp-json\/wp\/v2\/product"}],"about":[{"href":"https:\/\/hamsayapi.com\/index.php\/wp-json\/wp\/v2\/types\/product"}],"replies":[{"embeddable":true,"href":"https:\/\/hamsayapi.com\/index.php\/wp-json\/wp\/v2\/comments?post=11465"}],"version-history":[{"count":2,"href":"https:\/\/hamsayapi.com\/index.php\/wp-json\/wp\/v2\/product\/11465\/revisions"}],"predecessor-version":[{"id":11468,"href":"https:\/\/hamsayapi.com\/index.php\/wp-json\/wp\/v2\/product\/11465\/revisions\/11468"}],"wp:featuredmedia":[{"embeddable":true,"href":"https:\/\/hamsayapi.com\/index.php\/wp-json\/wp\/v2\/media\/11466"}],"wp:attachment":[{"href":"https:\/\/hamsayapi.com\/index.php\/wp-json\/wp\/v2\/media?parent=11465"}],"wp:term":[{"taxonomy":"pwb-brand","embeddable":true,"href":"https:\/\/hamsayapi.com\/index.php\/wp-json\/wp\/v2\/pwb-brand?post=11465"},{"taxonomy":"product_brand","embeddable":true,"href":"https:\/\/hamsayapi.com\/index.php\/wp-json\/wp\/v2\/product_brand?post=11465"},{"taxonomy":"product_cat","embeddable":true,"href":"https:\/\/hamsayapi.com\/index.php\/wp-json\/wp\/v2\/product_cat?post=11465"},{"taxonomy":"product_tag","embeddable":true,"href":"https:\/\/hamsayapi.com\/index.php\/wp-json\/wp\/v2\/product_tag?post=11465"}],"curies":[{"name":"wp","href":"https:\/\/api.w.org\/{rel}","templated":true}]}}