{"id":11394,"date":"2024-04-23T09:25:25","date_gmt":"2024-04-23T06:25:25","guid":{"rendered":"https:\/\/hamsayapi.com\/?post_type=product&#038;p=11394"},"modified":"2024-04-23T09:25:25","modified_gmt":"2024-04-23T06:25:25","slug":"mounter-zr-3-parcali-cok-amacli-merdiven","status":"publish","type":"product","link":"https:\/\/hamsayapi.com\/index.php\/urun\/mounter-zr-3-parcali-cok-amacli-merdiven\/","title":{"rendered":"Mounter ZR 3 Par\u00e7al\u0131 \u00c7ok Ama\u00e7l\u0131 Merdiven"},"content":{"rendered":"","protected":false},"excerpt":{"rendered":"","protected":false},"featured_media":11395,"comment_status":"open","ping_status":"closed","template":"","meta":[],"pwb-brand":[],"product_brand":[],"product_cat":[695,823],"product_tag":[841],"class_list":{"0":"post-11394","1":"product","2":"type-product","3":"status-publish","4":"has-post-thumbnail","6":"product_cat-hirdavat-urunleri","7":"product_cat-portatif-ve-iskele-tipi-merdivenler","8":"product_tag-mounter-zr-3-parcali-cok-amacli-merdiven","10":"first","11":"instock","12":"shipping-taxable","13":"product-type-simple"},"brands":[],"_links":{"self":[{"href":"https:\/\/hamsayapi.com\/index.php\/wp-json\/wp\/v2\/product\/11394","targetHints":{"allow":["GET"]}}],"collection":[{"href":"https:\/\/hamsayapi.com\/index.php\/wp-json\/wp\/v2\/product"}],"about":[{"href":"https:\/\/hamsayapi.com\/index.php\/wp-json\/wp\/v2\/types\/product"}],"replies":[{"embeddable":true,"href":"https:\/\/hamsayapi.com\/index.php\/wp-json\/wp\/v2\/comments?post=11394"}],"version-history":[{"count":2,"href":"https:\/\/hamsayapi.com\/index.php\/wp-json\/wp\/v2\/product\/11394\/revisions"}],"predecessor-version":[{"id":11397,"href":"https:\/\/hamsayapi.com\/index.php\/wp-json\/wp\/v2\/product\/11394\/revisions\/11397"}],"wp:featuredmedia":[{"embeddable":true,"href":"https:\/\/hamsayapi.com\/index.php\/wp-json\/wp\/v2\/media\/11395"}],"wp:attachment":[{"href":"https:\/\/hamsayapi.com\/index.php\/wp-json\/wp\/v2\/media?parent=11394"}],"wp:term":[{"taxonomy":"pwb-brand","embeddable":true,"href":"https:\/\/hamsayapi.com\/index.php\/wp-json\/wp\/v2\/pwb-brand?post=11394"},{"taxonomy":"product_brand","embeddable":true,"href":"https:\/\/hamsayapi.com\/index.php\/wp-json\/wp\/v2\/product_brand?post=11394"},{"taxonomy":"product_cat","embeddable":true,"href":"https:\/\/hamsayapi.com\/index.php\/wp-json\/wp\/v2\/product_cat?post=11394"},{"taxonomy":"product_tag","embeddable":true,"href":"https:\/\/hamsayapi.com\/index.php\/wp-json\/wp\/v2\/product_tag?post=11394"}],"curies":[{"name":"wp","href":"https:\/\/api.w.org\/{rel}","templated":true}]}}