{"id":11379,"date":"2024-04-23T09:22:43","date_gmt":"2024-04-23T06:22:43","guid":{"rendered":"https:\/\/hamsayapi.com\/?post_type=product&#038;p=11379"},"modified":"2024-04-23T09:22:43","modified_gmt":"2024-04-23T06:22:43","slug":"iki-tarafli-cok-amacli-merdiven","status":"publish","type":"product","link":"https:\/\/hamsayapi.com\/index.php\/urun\/iki-tarafli-cok-amacli-merdiven\/","title":{"rendered":"\u0130ki Tarafl\u0131 \u00c7ok Ama\u00e7l\u0131 Merdiven"},"content":{"rendered":"","protected":false},"excerpt":{"rendered":"","protected":false},"featured_media":11380,"comment_status":"open","ping_status":"closed","template":"","meta":[],"pwb-brand":[],"product_brand":[],"product_cat":[695,823],"product_tag":[836],"class_list":{"0":"post-11379","1":"product","2":"type-product","3":"status-publish","4":"has-post-thumbnail","6":"product_cat-hirdavat-urunleri","7":"product_cat-portatif-ve-iskele-tipi-merdivenler","8":"product_tag-iki-tarafli-cok-amacli-merdiven","10":"first","11":"instock","12":"shipping-taxable","13":"product-type-simple"},"brands":[],"_links":{"self":[{"href":"https:\/\/hamsayapi.com\/index.php\/wp-json\/wp\/v2\/product\/11379","targetHints":{"allow":["GET"]}}],"collection":[{"href":"https:\/\/hamsayapi.com\/index.php\/wp-json\/wp\/v2\/product"}],"about":[{"href":"https:\/\/hamsayapi.com\/index.php\/wp-json\/wp\/v2\/types\/product"}],"replies":[{"embeddable":true,"href":"https:\/\/hamsayapi.com\/index.php\/wp-json\/wp\/v2\/comments?post=11379"}],"version-history":[{"count":1,"href":"https:\/\/hamsayapi.com\/index.php\/wp-json\/wp\/v2\/product\/11379\/revisions"}],"predecessor-version":[{"id":11381,"href":"https:\/\/hamsayapi.com\/index.php\/wp-json\/wp\/v2\/product\/11379\/revisions\/11381"}],"wp:featuredmedia":[{"embeddable":true,"href":"https:\/\/hamsayapi.com\/index.php\/wp-json\/wp\/v2\/media\/11380"}],"wp:attachment":[{"href":"https:\/\/hamsayapi.com\/index.php\/wp-json\/wp\/v2\/media?parent=11379"}],"wp:term":[{"taxonomy":"pwb-brand","embeddable":true,"href":"https:\/\/hamsayapi.com\/index.php\/wp-json\/wp\/v2\/pwb-brand?post=11379"},{"taxonomy":"product_brand","embeddable":true,"href":"https:\/\/hamsayapi.com\/index.php\/wp-json\/wp\/v2\/product_brand?post=11379"},{"taxonomy":"product_cat","embeddable":true,"href":"https:\/\/hamsayapi.com\/index.php\/wp-json\/wp\/v2\/product_cat?post=11379"},{"taxonomy":"product_tag","embeddable":true,"href":"https:\/\/hamsayapi.com\/index.php\/wp-json\/wp\/v2\/product_tag?post=11379"}],"curies":[{"name":"wp","href":"https:\/\/api.w.org\/{rel}","templated":true}]}}