{"id":11351,"date":"2024-04-23T09:18:09","date_gmt":"2024-04-23T06:18:09","guid":{"rendered":"https:\/\/hamsayapi.com\/?post_type=product&#038;p=11351"},"modified":"2024-04-23T09:18:10","modified_gmt":"2024-04-23T06:18:10","slug":"ahsap-cati-merdiveni","status":"publish","type":"product","link":"https:\/\/hamsayapi.com\/index.php\/urun\/ahsap-cati-merdiveni\/","title":{"rendered":"Ah\u015fap \u00c7at\u0131 Merdiveni"},"content":{"rendered":"","protected":false},"excerpt":{"rendered":"","protected":false},"featured_media":11352,"comment_status":"open","ping_status":"closed","template":"","meta":[],"pwb-brand":[],"product_brand":[],"product_cat":[695,823],"product_tag":[828],"class_list":{"0":"post-11351","1":"product","2":"type-product","3":"status-publish","4":"has-post-thumbnail","6":"product_cat-hirdavat-urunleri","7":"product_cat-portatif-ve-iskele-tipi-merdivenler","8":"product_tag-ahsap-cati-merdiveni","10":"first","11":"instock","12":"shipping-taxable","13":"product-type-simple"},"brands":[],"_links":{"self":[{"href":"https:\/\/hamsayapi.com\/index.php\/wp-json\/wp\/v2\/product\/11351","targetHints":{"allow":["GET"]}}],"collection":[{"href":"https:\/\/hamsayapi.com\/index.php\/wp-json\/wp\/v2\/product"}],"about":[{"href":"https:\/\/hamsayapi.com\/index.php\/wp-json\/wp\/v2\/types\/product"}],"replies":[{"embeddable":true,"href":"https:\/\/hamsayapi.com\/index.php\/wp-json\/wp\/v2\/comments?post=11351"}],"version-history":[{"count":1,"href":"https:\/\/hamsayapi.com\/index.php\/wp-json\/wp\/v2\/product\/11351\/revisions"}],"predecessor-version":[{"id":11353,"href":"https:\/\/hamsayapi.com\/index.php\/wp-json\/wp\/v2\/product\/11351\/revisions\/11353"}],"wp:featuredmedia":[{"embeddable":true,"href":"https:\/\/hamsayapi.com\/index.php\/wp-json\/wp\/v2\/media\/11352"}],"wp:attachment":[{"href":"https:\/\/hamsayapi.com\/index.php\/wp-json\/wp\/v2\/media?parent=11351"}],"wp:term":[{"taxonomy":"pwb-brand","embeddable":true,"href":"https:\/\/hamsayapi.com\/index.php\/wp-json\/wp\/v2\/pwb-brand?post=11351"},{"taxonomy":"product_brand","embeddable":true,"href":"https:\/\/hamsayapi.com\/index.php\/wp-json\/wp\/v2\/product_brand?post=11351"},{"taxonomy":"product_cat","embeddable":true,"href":"https:\/\/hamsayapi.com\/index.php\/wp-json\/wp\/v2\/product_cat?post=11351"},{"taxonomy":"product_tag","embeddable":true,"href":"https:\/\/hamsayapi.com\/index.php\/wp-json\/wp\/v2\/product_tag?post=11351"}],"curies":[{"name":"wp","href":"https:\/\/api.w.org\/{rel}","templated":true}]}}