{"id":11341,"date":"2024-04-23T09:16:25","date_gmt":"2024-04-23T06:16:25","guid":{"rendered":"https:\/\/hamsayapi.com\/?post_type=product&#038;p=11341"},"modified":"2024-04-23T09:16:26","modified_gmt":"2024-04-23T06:16:26","slug":"a-tipi-genis-basamakli-elektrik-yalitimli-merdiven","status":"publish","type":"product","link":"https:\/\/hamsayapi.com\/index.php\/urun\/a-tipi-genis-basamakli-elektrik-yalitimli-merdiven\/","title":{"rendered":"A Tipi- Geni\u015f Basamakl\u0131 Elektrik Yal\u0131t\u0131ml\u0131 Merdiven"},"content":{"rendered":"","protected":false},"excerpt":{"rendered":"","protected":false},"featured_media":11342,"comment_status":"open","ping_status":"closed","template":"","meta":[],"pwb-brand":[],"product_brand":[],"product_cat":[695,823],"product_tag":[825],"class_list":{"0":"post-11341","1":"product","2":"type-product","3":"status-publish","4":"has-post-thumbnail","6":"product_cat-hirdavat-urunleri","7":"product_cat-portatif-ve-iskele-tipi-merdivenler","8":"product_tag-a-tipi-genis-basamakli-elektrik-yalitimli-merdiven","10":"first","11":"instock","12":"shipping-taxable","13":"product-type-simple"},"brands":[],"_links":{"self":[{"href":"https:\/\/hamsayapi.com\/index.php\/wp-json\/wp\/v2\/product\/11341","targetHints":{"allow":["GET"]}}],"collection":[{"href":"https:\/\/hamsayapi.com\/index.php\/wp-json\/wp\/v2\/product"}],"about":[{"href":"https:\/\/hamsayapi.com\/index.php\/wp-json\/wp\/v2\/types\/product"}],"replies":[{"embeddable":true,"href":"https:\/\/hamsayapi.com\/index.php\/wp-json\/wp\/v2\/comments?post=11341"}],"version-history":[{"count":1,"href":"https:\/\/hamsayapi.com\/index.php\/wp-json\/wp\/v2\/product\/11341\/revisions"}],"predecessor-version":[{"id":11343,"href":"https:\/\/hamsayapi.com\/index.php\/wp-json\/wp\/v2\/product\/11341\/revisions\/11343"}],"wp:featuredmedia":[{"embeddable":true,"href":"https:\/\/hamsayapi.com\/index.php\/wp-json\/wp\/v2\/media\/11342"}],"wp:attachment":[{"href":"https:\/\/hamsayapi.com\/index.php\/wp-json\/wp\/v2\/media?parent=11341"}],"wp:term":[{"taxonomy":"pwb-brand","embeddable":true,"href":"https:\/\/hamsayapi.com\/index.php\/wp-json\/wp\/v2\/pwb-brand?post=11341"},{"taxonomy":"product_brand","embeddable":true,"href":"https:\/\/hamsayapi.com\/index.php\/wp-json\/wp\/v2\/product_brand?post=11341"},{"taxonomy":"product_cat","embeddable":true,"href":"https:\/\/hamsayapi.com\/index.php\/wp-json\/wp\/v2\/product_cat?post=11341"},{"taxonomy":"product_tag","embeddable":true,"href":"https:\/\/hamsayapi.com\/index.php\/wp-json\/wp\/v2\/product_tag?post=11341"}],"curies":[{"name":"wp","href":"https:\/\/api.w.org\/{rel}","templated":true}]}}