{"id":11248,"date":"2024-04-23T08:59:44","date_gmt":"2024-04-23T05:59:44","guid":{"rendered":"https:\/\/hamsayapi.com\/?post_type=product&#038;p=11248"},"modified":"2024-04-23T08:59:45","modified_gmt":"2024-04-23T05:59:45","slug":"cift-kanat-kapilar-icin-kapi-siralama-aparati","status":"publish","type":"product","link":"https:\/\/hamsayapi.com\/index.php\/urun\/cift-kanat-kapilar-icin-kapi-siralama-aparati\/","title":{"rendered":"\u00c7ift Kanat Kap\u0131lar \u0130\u00e7in Kap\u0131 S\u0131ralama Aparat\u0131"},"content":{"rendered":"","protected":false},"excerpt":{"rendered":"","protected":false},"featured_media":11249,"comment_status":"open","ping_status":"closed","template":"","meta":[],"pwb-brand":[],"product_brand":[],"product_cat":[695,793],"product_tag":[794],"class_list":{"0":"post-11248","1":"product","2":"type-product","3":"status-publish","4":"has-post-thumbnail","6":"product_cat-hirdavat-urunleri","7":"product_cat-kapi-hidroligi","8":"product_tag-cift-kanat-kapilar-icin-kapi-siralama-aparati","10":"first","11":"instock","12":"shipping-taxable","13":"product-type-simple"},"brands":[],"_links":{"self":[{"href":"https:\/\/hamsayapi.com\/index.php\/wp-json\/wp\/v2\/product\/11248","targetHints":{"allow":["GET"]}}],"collection":[{"href":"https:\/\/hamsayapi.com\/index.php\/wp-json\/wp\/v2\/product"}],"about":[{"href":"https:\/\/hamsayapi.com\/index.php\/wp-json\/wp\/v2\/types\/product"}],"replies":[{"embeddable":true,"href":"https:\/\/hamsayapi.com\/index.php\/wp-json\/wp\/v2\/comments?post=11248"}],"version-history":[{"count":1,"href":"https:\/\/hamsayapi.com\/index.php\/wp-json\/wp\/v2\/product\/11248\/revisions"}],"predecessor-version":[{"id":11250,"href":"https:\/\/hamsayapi.com\/index.php\/wp-json\/wp\/v2\/product\/11248\/revisions\/11250"}],"wp:featuredmedia":[{"embeddable":true,"href":"https:\/\/hamsayapi.com\/index.php\/wp-json\/wp\/v2\/media\/11249"}],"wp:attachment":[{"href":"https:\/\/hamsayapi.com\/index.php\/wp-json\/wp\/v2\/media?parent=11248"}],"wp:term":[{"taxonomy":"pwb-brand","embeddable":true,"href":"https:\/\/hamsayapi.com\/index.php\/wp-json\/wp\/v2\/pwb-brand?post=11248"},{"taxonomy":"product_brand","embeddable":true,"href":"https:\/\/hamsayapi.com\/index.php\/wp-json\/wp\/v2\/product_brand?post=11248"},{"taxonomy":"product_cat","embeddable":true,"href":"https:\/\/hamsayapi.com\/index.php\/wp-json\/wp\/v2\/product_cat?post=11248"},{"taxonomy":"product_tag","embeddable":true,"href":"https:\/\/hamsayapi.com\/index.php\/wp-json\/wp\/v2\/product_tag?post=11248"}],"curies":[{"name":"wp","href":"https:\/\/api.w.org\/{rel}","templated":true}]}}