{"id":11224,"date":"2024-04-23T08:55:35","date_gmt":"2024-04-23T05:55:35","guid":{"rendered":"https:\/\/hamsayapi.com\/?post_type=product&#038;p=11224"},"modified":"2024-04-23T08:55:36","modified_gmt":"2024-04-23T05:55:36","slug":"plywood-kalip-ayirici-yag","status":"publish","type":"product","link":"https:\/\/hamsayapi.com\/index.php\/urun\/plywood-kalip-ayirici-yag\/","title":{"rendered":"Plywood Kal\u0131p Ay\u0131r\u0131c\u0131 Ya\u011f"},"content":{"rendered":"","protected":false},"excerpt":{"rendered":"","protected":false},"featured_media":11225,"comment_status":"open","ping_status":"closed","template":"","meta":[],"pwb-brand":[],"product_brand":[],"product_cat":[695,782],"product_tag":[786],"class_list":{"0":"post-11224","1":"product","2":"type-product","3":"status-publish","4":"has-post-thumbnail","6":"product_cat-hirdavat-urunleri","7":"product_cat-iskele-kalip-malzemeleri","8":"product_tag-plywood-kalip-ayirici-yag","10":"first","11":"instock","12":"shipping-taxable","13":"product-type-simple"},"brands":[],"_links":{"self":[{"href":"https:\/\/hamsayapi.com\/index.php\/wp-json\/wp\/v2\/product\/11224","targetHints":{"allow":["GET"]}}],"collection":[{"href":"https:\/\/hamsayapi.com\/index.php\/wp-json\/wp\/v2\/product"}],"about":[{"href":"https:\/\/hamsayapi.com\/index.php\/wp-json\/wp\/v2\/types\/product"}],"replies":[{"embeddable":true,"href":"https:\/\/hamsayapi.com\/index.php\/wp-json\/wp\/v2\/comments?post=11224"}],"version-history":[{"count":1,"href":"https:\/\/hamsayapi.com\/index.php\/wp-json\/wp\/v2\/product\/11224\/revisions"}],"predecessor-version":[{"id":11226,"href":"https:\/\/hamsayapi.com\/index.php\/wp-json\/wp\/v2\/product\/11224\/revisions\/11226"}],"wp:featuredmedia":[{"embeddable":true,"href":"https:\/\/hamsayapi.com\/index.php\/wp-json\/wp\/v2\/media\/11225"}],"wp:attachment":[{"href":"https:\/\/hamsayapi.com\/index.php\/wp-json\/wp\/v2\/media?parent=11224"}],"wp:term":[{"taxonomy":"pwb-brand","embeddable":true,"href":"https:\/\/hamsayapi.com\/index.php\/wp-json\/wp\/v2\/pwb-brand?post=11224"},{"taxonomy":"product_brand","embeddable":true,"href":"https:\/\/hamsayapi.com\/index.php\/wp-json\/wp\/v2\/product_brand?post=11224"},{"taxonomy":"product_cat","embeddable":true,"href":"https:\/\/hamsayapi.com\/index.php\/wp-json\/wp\/v2\/product_cat?post=11224"},{"taxonomy":"product_tag","embeddable":true,"href":"https:\/\/hamsayapi.com\/index.php\/wp-json\/wp\/v2\/product_tag?post=11224"}],"curies":[{"name":"wp","href":"https:\/\/api.w.org\/{rel}","templated":true}]}}