{"id":11183,"date":"2024-04-23T08:34:26","date_gmt":"2024-04-23T05:34:26","guid":{"rendered":"https:\/\/hamsayapi.com\/?post_type=product&#038;p=11183"},"modified":"2024-04-23T08:34:27","modified_gmt":"2024-04-23T05:34:27","slug":"pvc-alcipan-kose-profili","status":"publish","type":"product","link":"https:\/\/hamsayapi.com\/index.php\/urun\/pvc-alcipan-kose-profili\/","title":{"rendered":"PVC Al\u00e7\u0131pan K\u00f6\u015fe Profili"},"content":{"rendered":"","protected":false},"excerpt":{"rendered":"","protected":false},"featured_media":11184,"comment_status":"open","ping_status":"closed","template":"","meta":[],"pwb-brand":[],"product_brand":[],"product_cat":[695,765],"product_tag":[772],"class_list":{"0":"post-11183","1":"product","2":"type-product","3":"status-publish","4":"has-post-thumbnail","6":"product_cat-hirdavat-urunleri","7":"product_cat-insaat-profilleri","8":"product_tag-pvc-alcipan-kose-profili","10":"first","11":"instock","12":"shipping-taxable","13":"product-type-simple"},"brands":[],"_links":{"self":[{"href":"https:\/\/hamsayapi.com\/index.php\/wp-json\/wp\/v2\/product\/11183","targetHints":{"allow":["GET"]}}],"collection":[{"href":"https:\/\/hamsayapi.com\/index.php\/wp-json\/wp\/v2\/product"}],"about":[{"href":"https:\/\/hamsayapi.com\/index.php\/wp-json\/wp\/v2\/types\/product"}],"replies":[{"embeddable":true,"href":"https:\/\/hamsayapi.com\/index.php\/wp-json\/wp\/v2\/comments?post=11183"}],"version-history":[{"count":1,"href":"https:\/\/hamsayapi.com\/index.php\/wp-json\/wp\/v2\/product\/11183\/revisions"}],"predecessor-version":[{"id":11185,"href":"https:\/\/hamsayapi.com\/index.php\/wp-json\/wp\/v2\/product\/11183\/revisions\/11185"}],"wp:featuredmedia":[{"embeddable":true,"href":"https:\/\/hamsayapi.com\/index.php\/wp-json\/wp\/v2\/media\/11184"}],"wp:attachment":[{"href":"https:\/\/hamsayapi.com\/index.php\/wp-json\/wp\/v2\/media?parent=11183"}],"wp:term":[{"taxonomy":"pwb-brand","embeddable":true,"href":"https:\/\/hamsayapi.com\/index.php\/wp-json\/wp\/v2\/pwb-brand?post=11183"},{"taxonomy":"product_brand","embeddable":true,"href":"https:\/\/hamsayapi.com\/index.php\/wp-json\/wp\/v2\/product_brand?post=11183"},{"taxonomy":"product_cat","embeddable":true,"href":"https:\/\/hamsayapi.com\/index.php\/wp-json\/wp\/v2\/product_cat?post=11183"},{"taxonomy":"product_tag","embeddable":true,"href":"https:\/\/hamsayapi.com\/index.php\/wp-json\/wp\/v2\/product_tag?post=11183"}],"curies":[{"name":"wp","href":"https:\/\/api.w.org\/{rel}","templated":true}]}}