{"id":11163,"date":"2024-04-23T08:30:39","date_gmt":"2024-04-23T05:30:39","guid":{"rendered":"https:\/\/hamsayapi.com\/?post_type=product&#038;p=11163"},"modified":"2024-04-23T08:30:40","modified_gmt":"2024-04-23T05:30:40","slug":"alcipan-kose-profili-plastik","status":"publish","type":"product","link":"https:\/\/hamsayapi.com\/index.php\/urun\/alcipan-kose-profili-plastik\/","title":{"rendered":"Al\u00e7\u0131pan K\u00f6\u015fe Profili\/ Plastik"},"content":{"rendered":"","protected":false},"excerpt":{"rendered":"","protected":false},"featured_media":11164,"comment_status":"open","ping_status":"closed","template":"","meta":[],"pwb-brand":[],"product_brand":[],"product_cat":[695,765],"product_tag":[767],"class_list":{"0":"post-11163","1":"product","2":"type-product","3":"status-publish","4":"has-post-thumbnail","6":"product_cat-hirdavat-urunleri","7":"product_cat-insaat-profilleri","8":"product_tag-alcipan-kose-profili-plastik","10":"first","11":"instock","12":"shipping-taxable","13":"product-type-simple"},"brands":[],"_links":{"self":[{"href":"https:\/\/hamsayapi.com\/index.php\/wp-json\/wp\/v2\/product\/11163","targetHints":{"allow":["GET"]}}],"collection":[{"href":"https:\/\/hamsayapi.com\/index.php\/wp-json\/wp\/v2\/product"}],"about":[{"href":"https:\/\/hamsayapi.com\/index.php\/wp-json\/wp\/v2\/types\/product"}],"replies":[{"embeddable":true,"href":"https:\/\/hamsayapi.com\/index.php\/wp-json\/wp\/v2\/comments?post=11163"}],"version-history":[{"count":2,"href":"https:\/\/hamsayapi.com\/index.php\/wp-json\/wp\/v2\/product\/11163\/revisions"}],"predecessor-version":[{"id":11166,"href":"https:\/\/hamsayapi.com\/index.php\/wp-json\/wp\/v2\/product\/11163\/revisions\/11166"}],"wp:featuredmedia":[{"embeddable":true,"href":"https:\/\/hamsayapi.com\/index.php\/wp-json\/wp\/v2\/media\/11164"}],"wp:attachment":[{"href":"https:\/\/hamsayapi.com\/index.php\/wp-json\/wp\/v2\/media?parent=11163"}],"wp:term":[{"taxonomy":"pwb-brand","embeddable":true,"href":"https:\/\/hamsayapi.com\/index.php\/wp-json\/wp\/v2\/pwb-brand?post=11163"},{"taxonomy":"product_brand","embeddable":true,"href":"https:\/\/hamsayapi.com\/index.php\/wp-json\/wp\/v2\/product_brand?post=11163"},{"taxonomy":"product_cat","embeddable":true,"href":"https:\/\/hamsayapi.com\/index.php\/wp-json\/wp\/v2\/product_cat?post=11163"},{"taxonomy":"product_tag","embeddable":true,"href":"https:\/\/hamsayapi.com\/index.php\/wp-json\/wp\/v2\/product_tag?post=11163"}],"curies":[{"name":"wp","href":"https:\/\/api.w.org\/{rel}","templated":true}]}}