{"id":11159,"date":"2024-04-23T08:30:11","date_gmt":"2024-04-23T05:30:11","guid":{"rendered":"https:\/\/hamsayapi.com\/?post_type=product&#038;p=11159"},"modified":"2024-04-23T08:30:11","modified_gmt":"2024-04-23T05:30:11","slug":"alcipan-kose-profili-galvaniz-delikli","status":"publish","type":"product","link":"https:\/\/hamsayapi.com\/index.php\/urun\/alcipan-kose-profili-galvaniz-delikli\/","title":{"rendered":"Al\u00e7\u0131pan K\u00f6\u015fe Profili\/ Galvaniz-Delikli"},"content":{"rendered":"","protected":false},"excerpt":{"rendered":"","protected":false},"featured_media":11160,"comment_status":"open","ping_status":"closed","template":"","meta":[],"pwb-brand":[],"product_brand":[],"product_cat":[695,765],"product_tag":[766],"class_list":{"0":"post-11159","1":"product","2":"type-product","3":"status-publish","4":"has-post-thumbnail","6":"product_cat-hirdavat-urunleri","7":"product_cat-insaat-profilleri","8":"product_tag-alcipan-kose-profili-galvaniz-delikli","10":"first","11":"instock","12":"shipping-taxable","13":"product-type-simple"},"brands":[],"_links":{"self":[{"href":"https:\/\/hamsayapi.com\/index.php\/wp-json\/wp\/v2\/product\/11159","targetHints":{"allow":["GET"]}}],"collection":[{"href":"https:\/\/hamsayapi.com\/index.php\/wp-json\/wp\/v2\/product"}],"about":[{"href":"https:\/\/hamsayapi.com\/index.php\/wp-json\/wp\/v2\/types\/product"}],"replies":[{"embeddable":true,"href":"https:\/\/hamsayapi.com\/index.php\/wp-json\/wp\/v2\/comments?post=11159"}],"version-history":[{"count":2,"href":"https:\/\/hamsayapi.com\/index.php\/wp-json\/wp\/v2\/product\/11159\/revisions"}],"predecessor-version":[{"id":11162,"href":"https:\/\/hamsayapi.com\/index.php\/wp-json\/wp\/v2\/product\/11159\/revisions\/11162"}],"wp:featuredmedia":[{"embeddable":true,"href":"https:\/\/hamsayapi.com\/index.php\/wp-json\/wp\/v2\/media\/11160"}],"wp:attachment":[{"href":"https:\/\/hamsayapi.com\/index.php\/wp-json\/wp\/v2\/media?parent=11159"}],"wp:term":[{"taxonomy":"pwb-brand","embeddable":true,"href":"https:\/\/hamsayapi.com\/index.php\/wp-json\/wp\/v2\/pwb-brand?post=11159"},{"taxonomy":"product_brand","embeddable":true,"href":"https:\/\/hamsayapi.com\/index.php\/wp-json\/wp\/v2\/product_brand?post=11159"},{"taxonomy":"product_cat","embeddable":true,"href":"https:\/\/hamsayapi.com\/index.php\/wp-json\/wp\/v2\/product_cat?post=11159"},{"taxonomy":"product_tag","embeddable":true,"href":"https:\/\/hamsayapi.com\/index.php\/wp-json\/wp\/v2\/product_tag?post=11159"}],"curies":[{"name":"wp","href":"https:\/\/api.w.org\/{rel}","templated":true}]}}