{"id":10673,"date":"2024-04-21T22:57:56","date_gmt":"2024-04-21T19:57:56","guid":{"rendered":"https:\/\/hamsayapi.com\/?post_type=product&#038;p=10673"},"modified":"2024-05-15T14:03:38","modified_gmt":"2024-05-15T11:03:38","slug":"insaat-civisi","status":"publish","type":"product","link":"https:\/\/hamsayapi.com\/index.php\/urun\/insaat-civisi\/","title":{"rendered":"\u0130n\u015faat \u00c7ivisi"},"content":{"rendered":"<p><img loading=\"lazy\" decoding=\"async\" class=\"alignnone size-medium wp-image-16744\" src=\"https:\/\/hamsayapi.com\/wp-content\/uploads\/2024\/04\/civi-slider-2-400x188.png\" alt=\"\" width=\"400\" height=\"188\" srcset=\"https:\/\/hamsayapi.com\/wp-content\/uploads\/2024\/04\/civi-slider-2-400x188.png 400w, https:\/\/hamsayapi.com\/wp-content\/uploads\/2024\/04\/civi-slider-2-768x361.png 768w, https:\/\/hamsayapi.com\/wp-content\/uploads\/2024\/04\/civi-slider-2-430x202.png 430w, https:\/\/hamsayapi.com\/wp-content\/uploads\/2024\/04\/civi-slider-2-700x329.png 700w, https:\/\/hamsayapi.com\/wp-content\/uploads\/2024\/04\/civi-slider-2-150x71.png 150w, https:\/\/hamsayapi.com\/wp-content\/uploads\/2024\/04\/civi-slider-2.png 850w\" sizes=\"auto, (max-width: 400px) 100vw, 400px\" \/> <img loading=\"lazy\" decoding=\"async\" class=\"alignnone size-medium wp-image-16743\" src=\"https:\/\/hamsayapi.com\/wp-content\/uploads\/2024\/04\/civi-slider-400x188.png\" alt=\"\" width=\"400\" height=\"188\" srcset=\"https:\/\/hamsayapi.com\/wp-content\/uploads\/2024\/04\/civi-slider-400x188.png 400w, https:\/\/hamsayapi.com\/wp-content\/uploads\/2024\/04\/civi-slider-768x361.png 768w, https:\/\/hamsayapi.com\/wp-content\/uploads\/2024\/04\/civi-slider-430x202.png 430w, https:\/\/hamsayapi.com\/wp-content\/uploads\/2024\/04\/civi-slider-700x329.png 700w, https:\/\/hamsayapi.com\/wp-content\/uploads\/2024\/04\/civi-slider-150x71.png 150w, https:\/\/hamsayapi.com\/wp-content\/uploads\/2024\/04\/civi-slider.png 850w\" sizes=\"auto, (max-width: 400px) 100vw, 400px\" \/> <img loading=\"lazy\" decoding=\"async\" class=\"alignnone size-medium wp-image-16742\" src=\"https:\/\/hamsayapi.com\/wp-content\/uploads\/2024\/04\/civi-slider-3-400x188.png\" alt=\"\" width=\"400\" height=\"188\" srcset=\"https:\/\/hamsayapi.com\/wp-content\/uploads\/2024\/04\/civi-slider-3-400x188.png 400w, https:\/\/hamsayapi.com\/wp-content\/uploads\/2024\/04\/civi-slider-3-768x361.png 768w, https:\/\/hamsayapi.com\/wp-content\/uploads\/2024\/04\/civi-slider-3-430x202.png 430w, https:\/\/hamsayapi.com\/wp-content\/uploads\/2024\/04\/civi-slider-3-700x329.png 700w, https:\/\/hamsayapi.com\/wp-content\/uploads\/2024\/04\/civi-slider-3-150x71.png 150w, https:\/\/hamsayapi.com\/wp-content\/uploads\/2024\/04\/civi-slider-3.png 850w\" sizes=\"auto, (max-width: 400px) 100vw, 400px\" \/><\/p>\n<div class=\"elementor-element elementor-element-37abc05 elementor-widget elementor-widget-heading\" data-id=\"37abc05\" data-element_type=\"widget\" data-widget_type=\"heading.default\">\n<div class=\"elementor-widget-container\">\n<h2 class=\"elementor-heading-title elementor-size-default\">Genel \u00d6zellikler<\/h2>\n<\/div>\n<\/div>\n<div class=\"elementor-element elementor-element-0fbec08 elementor-widget elementor-widget-jet-table\" data-id=\"0fbec08\" data-element_type=\"widget\" data-widget_type=\"jet-table.default\">\n<div class=\"elementor-widget-container\">\n<div class=\"elementor-jet-table jet-elements\">\n<div class=\"jet-table-wrapper jet-table-responsive-mobile\">\n<table class=\"jet-table jet-table--fa5-compat\" style=\"height: 284px;\" width=\"848\">\n<thead class=\"jet-table__head\">\n<tr class=\"jet-table__head-row\">\n<th class=\"jet-table__cell elementor-repeater-item-836d98d jet-table__head-cell\" scope=\"col\">\n<div class=\"jet-table__cell-inner\">\n<div class=\"jet-table__cell-content\"><\/div>\n<\/div>\n<\/th>\n<\/tr>\n<\/thead>\n<tbody class=\"jet-table__body\">\n<tr class=\"jet-table__body-row elementor-repeater-item-88d32ee\">\n<td class=\"jet-table__cell elementor-repeater-item-60696c6 jet-table__body-cell\">\n<div class=\"jet-table__cell-inner\">\n<div class=\"jet-table__cell-content\">\n<div class=\"jet-table__cell-text\">Ham Madde:<\/div>\n<\/div>\n<\/div>\n<\/td>\n<td class=\"jet-table__cell elementor-repeater-item-0da6e3c jet-table__body-cell\">\n<div class=\"jet-table__cell-inner\">\n<div class=\"jet-table__cell-content\">\n<div class=\"jet-table__cell-text\">D\u00fc\u015f\u00fck Karbonlu \u00c7elik Filma\u015fin<\/div>\n<\/div>\n<\/div>\n<\/td>\n<\/tr>\n<tr class=\"jet-table__body-row elementor-repeater-item-08d11e8\">\n<td class=\"jet-table__cell elementor-repeater-item-ba7e658 jet-table__body-cell\">\n<div class=\"jet-table__cell-inner\">\n<div class=\"jet-table__cell-content\">\n<div class=\"jet-table__cell-text\">\u00c7ekme Mukavemeti:<\/div>\n<\/div>\n<\/div>\n<\/td>\n<td class=\"jet-table__cell elementor-repeater-item-c513990 jet-table__body-cell\">\n<div class=\"jet-table__cell-inner\">\n<div class=\"jet-table__cell-content\">\n<div class=\"jet-table__cell-text\">700 \u2013 900 N\/mm\u00b2<\/div>\n<\/div>\n<\/div>\n<\/td>\n<\/tr>\n<tr class=\"jet-table__body-row elementor-repeater-item-ab1321b\">\n<td class=\"jet-table__cell elementor-repeater-item-f856eb2 jet-table__body-cell\">\n<div class=\"jet-table__cell-inner\">\n<div class=\"jet-table__cell-content\">\n<div class=\"jet-table__cell-text\">\u00c7ivi \u00c7ap\u0131:<\/div>\n<\/div>\n<\/div>\n<\/td>\n<td class=\"jet-table__cell elementor-repeater-item-4fd9723 jet-table__body-cell\">\n<div class=\"jet-table__cell-inner\">\n<div class=\"jet-table__cell-content\">\n<div class=\"jet-table__cell-text\">2,2 mm \u2013 4,2 mm<\/div>\n<\/div>\n<\/div>\n<\/td>\n<\/tr>\n<tr class=\"jet-table__body-row elementor-repeater-item-30197d1\">\n<td class=\"jet-table__cell elementor-repeater-item-b188307 jet-table__body-cell\">\n<div class=\"jet-table__cell-inner\">\n<div class=\"jet-table__cell-content\">\n<div class=\"jet-table__cell-text\">\u00c7ivi Boylar\u0131:<\/div>\n<\/div>\n<\/div>\n<\/td>\n<td class=\"jet-table__cell elementor-repeater-item-24de6b4 jet-table__body-cell\">\n<div class=\"jet-table__cell-inner\">\n<div class=\"jet-table__cell-content\">\n<div class=\"jet-table__cell-text\">60 mm \u2013 80 mm \u2013 100 mm<\/div>\n<\/div>\n<\/div>\n<\/td>\n<\/tr>\n<tr class=\"jet-table__body-row elementor-repeater-item-bf35725\">\n<td class=\"jet-table__cell elementor-repeater-item-dfca0e8 jet-table__body-cell\">\n<div class=\"jet-table__cell-inner\">\n<div class=\"jet-table__cell-content\">\n<div class=\"jet-table__cell-text\">Paketleme:<\/div>\n<\/div>\n<\/div>\n<\/td>\n<td class=\"jet-table__cell elementor-repeater-item-9fc811f jet-table__body-cell\">\n<div class=\"jet-table__cell-inner\">\n<div class=\"jet-table__cell-content\">\n<div class=\"jet-table__cell-text\">25 kg Karton Kutu<\/div>\n<\/div>\n<\/div>\n<\/td>\n<\/tr>\n<\/tbody>\n<\/table>\n<\/div>\n<\/div>\n<\/div>\n<\/div>\n","protected":false},"excerpt":{"rendered":"<p>D\u00f6kme \u00e7iviler, genellikle in\u015faat sekt\u00f6r\u00fcnde, ah\u015fap \u00fcr\u00fcnlerin birbirine ba\u011flanmas\u0131 veya sabitlenmesi amac\u0131yla kullan\u0131l\u0131rlar. D\u00fc\u015f\u00fck karbonlu \u00e7elikten \u00fcretilirler. 6, 8 ve 10\u2019luk olmak \u00fczere \u00fc\u00e7 \u00e7e\u015fit olarak \u00fcretimi yap\u0131lmaktad\u0131r, 25 kg\u2019l\u0131k kutularda paketlenmektedir.<\/p>\n","protected":false},"featured_media":10674,"comment_status":"open","ping_status":"closed","template":"","meta":[],"pwb-brand":[],"product_brand":[],"product_cat":[617,596],"product_tag":[621],"class_list":{"0":"post-10673","1":"product","2":"type-product","3":"status-publish","4":"has-post-thumbnail","6":"product_cat-civiler","7":"product_cat-insaat-malzemeleri","8":"product_tag-insaat-civisi","10":"first","11":"instock","12":"shipping-taxable","13":"product-type-simple"},"brands":[],"_links":{"self":[{"href":"https:\/\/hamsayapi.com\/index.php\/wp-json\/wp\/v2\/product\/10673","targetHints":{"allow":["GET"]}}],"collection":[{"href":"https:\/\/hamsayapi.com\/index.php\/wp-json\/wp\/v2\/product"}],"about":[{"href":"https:\/\/hamsayapi.com\/index.php\/wp-json\/wp\/v2\/types\/product"}],"replies":[{"embeddable":true,"href":"https:\/\/hamsayapi.com\/index.php\/wp-json\/wp\/v2\/comments?post=10673"}],"version-history":[{"count":2,"href":"https:\/\/hamsayapi.com\/index.php\/wp-json\/wp\/v2\/product\/10673\/revisions"}],"predecessor-version":[{"id":16750,"href":"https:\/\/hamsayapi.com\/index.php\/wp-json\/wp\/v2\/product\/10673\/revisions\/16750"}],"wp:featuredmedia":[{"embeddable":true,"href":"https:\/\/hamsayapi.com\/index.php\/wp-json\/wp\/v2\/media\/10674"}],"wp:attachment":[{"href":"https:\/\/hamsayapi.com\/index.php\/wp-json\/wp\/v2\/media?parent=10673"}],"wp:term":[{"taxonomy":"pwb-brand","embeddable":true,"href":"https:\/\/hamsayapi.com\/index.php\/wp-json\/wp\/v2\/pwb-brand?post=10673"},{"taxonomy":"product_brand","embeddable":true,"href":"https:\/\/hamsayapi.com\/index.php\/wp-json\/wp\/v2\/product_brand?post=10673"},{"taxonomy":"product_cat","embeddable":true,"href":"https:\/\/hamsayapi.com\/index.php\/wp-json\/wp\/v2\/product_cat?post=10673"},{"taxonomy":"product_tag","embeddable":true,"href":"https:\/\/hamsayapi.com\/index.php\/wp-json\/wp\/v2\/product_tag?post=10673"}],"curies":[{"name":"wp","href":"https:\/\/api.w.org\/{rel}","templated":true}]}}