{"id":10533,"date":"2024-04-21T22:15:14","date_gmt":"2024-04-21T19:15:14","guid":{"rendered":"https:\/\/hamsayapi.com\/?post_type=product&#038;p=10533"},"modified":"2024-04-21T22:15:14","modified_gmt":"2024-04-21T19:15:14","slug":"kaynakci-gozlugu-cift-maksatli","status":"publish","type":"product","link":"https:\/\/hamsayapi.com\/index.php\/urun\/kaynakci-gozlugu-cift-maksatli\/","title":{"rendered":"Kaynak\u00e7\u0131 G\u00f6zl\u00fc\u011f\u00fc \u00c7ift Maksatl\u0131"},"content":{"rendered":"","protected":false},"excerpt":{"rendered":"","protected":false},"featured_media":10534,"comment_status":"open","ping_status":"closed","template":"","meta":[],"pwb-brand":[],"product_brand":[],"product_cat":[458,453,556],"product_tag":[573],"class_list":{"0":"post-10533","1":"product","2":"type-product","3":"status-publish","4":"has-post-thumbnail","6":"product_cat-kaynak-aksesuarlari-ve-kimyasallari","7":"product_cat-kaynak-ve-gaz-ekipmanlari","8":"product_cat-koruyucu-ekipmanlar","9":"product_tag-kaynakci-gozlugu-cift-maksatli","11":"first","12":"instock","13":"shipping-taxable","14":"product-type-simple"},"brands":[],"_links":{"self":[{"href":"https:\/\/hamsayapi.com\/index.php\/wp-json\/wp\/v2\/product\/10533","targetHints":{"allow":["GET"]}}],"collection":[{"href":"https:\/\/hamsayapi.com\/index.php\/wp-json\/wp\/v2\/product"}],"about":[{"href":"https:\/\/hamsayapi.com\/index.php\/wp-json\/wp\/v2\/types\/product"}],"replies":[{"embeddable":true,"href":"https:\/\/hamsayapi.com\/index.php\/wp-json\/wp\/v2\/comments?post=10533"}],"version-history":[{"count":1,"href":"https:\/\/hamsayapi.com\/index.php\/wp-json\/wp\/v2\/product\/10533\/revisions"}],"predecessor-version":[{"id":10535,"href":"https:\/\/hamsayapi.com\/index.php\/wp-json\/wp\/v2\/product\/10533\/revisions\/10535"}],"wp:featuredmedia":[{"embeddable":true,"href":"https:\/\/hamsayapi.com\/index.php\/wp-json\/wp\/v2\/media\/10534"}],"wp:attachment":[{"href":"https:\/\/hamsayapi.com\/index.php\/wp-json\/wp\/v2\/media?parent=10533"}],"wp:term":[{"taxonomy":"pwb-brand","embeddable":true,"href":"https:\/\/hamsayapi.com\/index.php\/wp-json\/wp\/v2\/pwb-brand?post=10533"},{"taxonomy":"product_brand","embeddable":true,"href":"https:\/\/hamsayapi.com\/index.php\/wp-json\/wp\/v2\/product_brand?post=10533"},{"taxonomy":"product_cat","embeddable":true,"href":"https:\/\/hamsayapi.com\/index.php\/wp-json\/wp\/v2\/product_cat?post=10533"},{"taxonomy":"product_tag","embeddable":true,"href":"https:\/\/hamsayapi.com\/index.php\/wp-json\/wp\/v2\/product_tag?post=10533"}],"curies":[{"name":"wp","href":"https:\/\/api.w.org\/{rel}","templated":true}]}}