{"id":10527,"date":"2024-04-21T22:14:14","date_gmt":"2024-04-21T19:14:14","guid":{"rendered":"https:\/\/hamsayapi.com\/?post_type=product&#038;p=10527"},"modified":"2024-04-21T22:14:14","modified_gmt":"2024-04-21T19:14:14","slug":"kaynakci-basligi-3m","status":"publish","type":"product","link":"https:\/\/hamsayapi.com\/index.php\/urun\/kaynakci-basligi-3m\/","title":{"rendered":"Kaynak\u00e7\u0131 Ba\u015fl\u0131\u011f\u0131 3M"},"content":{"rendered":"","protected":false},"excerpt":{"rendered":"","protected":false},"featured_media":10528,"comment_status":"open","ping_status":"closed","template":"","meta":[],"pwb-brand":[],"product_brand":[],"product_cat":[458,453,556],"product_tag":[571],"class_list":{"0":"post-10527","1":"product","2":"type-product","3":"status-publish","4":"has-post-thumbnail","6":"product_cat-kaynak-aksesuarlari-ve-kimyasallari","7":"product_cat-kaynak-ve-gaz-ekipmanlari","8":"product_cat-koruyucu-ekipmanlar","9":"product_tag-kaynakci-basligi-3m","11":"first","12":"instock","13":"shipping-taxable","14":"product-type-simple"},"brands":[],"_links":{"self":[{"href":"https:\/\/hamsayapi.com\/index.php\/wp-json\/wp\/v2\/product\/10527","targetHints":{"allow":["GET"]}}],"collection":[{"href":"https:\/\/hamsayapi.com\/index.php\/wp-json\/wp\/v2\/product"}],"about":[{"href":"https:\/\/hamsayapi.com\/index.php\/wp-json\/wp\/v2\/types\/product"}],"replies":[{"embeddable":true,"href":"https:\/\/hamsayapi.com\/index.php\/wp-json\/wp\/v2\/comments?post=10527"}],"version-history":[{"count":1,"href":"https:\/\/hamsayapi.com\/index.php\/wp-json\/wp\/v2\/product\/10527\/revisions"}],"predecessor-version":[{"id":10529,"href":"https:\/\/hamsayapi.com\/index.php\/wp-json\/wp\/v2\/product\/10527\/revisions\/10529"}],"wp:featuredmedia":[{"embeddable":true,"href":"https:\/\/hamsayapi.com\/index.php\/wp-json\/wp\/v2\/media\/10528"}],"wp:attachment":[{"href":"https:\/\/hamsayapi.com\/index.php\/wp-json\/wp\/v2\/media?parent=10527"}],"wp:term":[{"taxonomy":"pwb-brand","embeddable":true,"href":"https:\/\/hamsayapi.com\/index.php\/wp-json\/wp\/v2\/pwb-brand?post=10527"},{"taxonomy":"product_brand","embeddable":true,"href":"https:\/\/hamsayapi.com\/index.php\/wp-json\/wp\/v2\/product_brand?post=10527"},{"taxonomy":"product_cat","embeddable":true,"href":"https:\/\/hamsayapi.com\/index.php\/wp-json\/wp\/v2\/product_cat?post=10527"},{"taxonomy":"product_tag","embeddable":true,"href":"https:\/\/hamsayapi.com\/index.php\/wp-json\/wp\/v2\/product_tag?post=10527"}],"curies":[{"name":"wp","href":"https:\/\/api.w.org\/{rel}","templated":true}]}}