{"id":10491,"date":"2024-04-21T22:06:35","date_gmt":"2024-04-21T19:06:35","guid":{"rendered":"https:\/\/hamsayapi.com\/?post_type=product&#038;p=10491"},"modified":"2024-04-21T22:06:35","modified_gmt":"2024-04-21T19:06:35","slug":"deri-kaynakci-basligi","status":"publish","type":"product","link":"https:\/\/hamsayapi.com\/index.php\/urun\/deri-kaynakci-basligi\/","title":{"rendered":"Deri Kaynak\u00e7\u0131 Ba\u015fl\u0131\u011f\u0131"},"content":{"rendered":"","protected":false},"excerpt":{"rendered":"","protected":false},"featured_media":10492,"comment_status":"open","ping_status":"closed","template":"","meta":[],"pwb-brand":[],"product_brand":[],"product_cat":[458,453,556],"product_tag":[561],"class_list":{"0":"post-10491","1":"product","2":"type-product","3":"status-publish","4":"has-post-thumbnail","6":"product_cat-kaynak-aksesuarlari-ve-kimyasallari","7":"product_cat-kaynak-ve-gaz-ekipmanlari","8":"product_cat-koruyucu-ekipmanlar","9":"product_tag-deri-kaynakci-basligi","11":"first","12":"instock","13":"shipping-taxable","14":"product-type-simple"},"brands":[],"_links":{"self":[{"href":"https:\/\/hamsayapi.com\/index.php\/wp-json\/wp\/v2\/product\/10491","targetHints":{"allow":["GET"]}}],"collection":[{"href":"https:\/\/hamsayapi.com\/index.php\/wp-json\/wp\/v2\/product"}],"about":[{"href":"https:\/\/hamsayapi.com\/index.php\/wp-json\/wp\/v2\/types\/product"}],"replies":[{"embeddable":true,"href":"https:\/\/hamsayapi.com\/index.php\/wp-json\/wp\/v2\/comments?post=10491"}],"version-history":[{"count":1,"href":"https:\/\/hamsayapi.com\/index.php\/wp-json\/wp\/v2\/product\/10491\/revisions"}],"predecessor-version":[{"id":10493,"href":"https:\/\/hamsayapi.com\/index.php\/wp-json\/wp\/v2\/product\/10491\/revisions\/10493"}],"wp:featuredmedia":[{"embeddable":true,"href":"https:\/\/hamsayapi.com\/index.php\/wp-json\/wp\/v2\/media\/10492"}],"wp:attachment":[{"href":"https:\/\/hamsayapi.com\/index.php\/wp-json\/wp\/v2\/media?parent=10491"}],"wp:term":[{"taxonomy":"pwb-brand","embeddable":true,"href":"https:\/\/hamsayapi.com\/index.php\/wp-json\/wp\/v2\/pwb-brand?post=10491"},{"taxonomy":"product_brand","embeddable":true,"href":"https:\/\/hamsayapi.com\/index.php\/wp-json\/wp\/v2\/product_brand?post=10491"},{"taxonomy":"product_cat","embeddable":true,"href":"https:\/\/hamsayapi.com\/index.php\/wp-json\/wp\/v2\/product_cat?post=10491"},{"taxonomy":"product_tag","embeddable":true,"href":"https:\/\/hamsayapi.com\/index.php\/wp-json\/wp\/v2\/product_tag?post=10491"}],"curies":[{"name":"wp","href":"https:\/\/api.w.org\/{rel}","templated":true}]}}