{"id":10475,"date":"2024-04-21T21:51:05","date_gmt":"2024-04-21T18:51:05","guid":{"rendered":"https:\/\/hamsayapi.com\/?post_type=product&#038;p=10475"},"modified":"2024-04-21T21:52:00","modified_gmt":"2024-04-21T18:52:00","slug":"basinc-gost-manometre","status":"publish","type":"product","link":"https:\/\/hamsayapi.com\/index.php\/urun\/basinc-gost-manometre\/","title":{"rendered":"Bas\u0131n\u00e7 G\u00f6st. Manometre"},"content":{"rendered":"","protected":false},"excerpt":{"rendered":"","protected":false},"featured_media":10476,"comment_status":"open","ping_status":"closed","template":"","meta":[],"pwb-brand":[],"product_brand":[],"product_cat":[457,453,512],"product_tag":[552],"class_list":{"0":"post-10475","1":"product","2":"type-product","3":"status-publish","4":"has-post-thumbnail","6":"product_cat-gaz-ekipmanlari","7":"product_cat-kaynak-ve-gaz-ekipmanlari","8":"product_cat-merkezi-sistemler","9":"product_tag-basinc-gost-manometre","11":"first","12":"instock","13":"shipping-taxable","14":"product-type-simple"},"brands":[],"_links":{"self":[{"href":"https:\/\/hamsayapi.com\/index.php\/wp-json\/wp\/v2\/product\/10475","targetHints":{"allow":["GET"]}}],"collection":[{"href":"https:\/\/hamsayapi.com\/index.php\/wp-json\/wp\/v2\/product"}],"about":[{"href":"https:\/\/hamsayapi.com\/index.php\/wp-json\/wp\/v2\/types\/product"}],"replies":[{"embeddable":true,"href":"https:\/\/hamsayapi.com\/index.php\/wp-json\/wp\/v2\/comments?post=10475"}],"version-history":[{"count":1,"href":"https:\/\/hamsayapi.com\/index.php\/wp-json\/wp\/v2\/product\/10475\/revisions"}],"predecessor-version":[{"id":10477,"href":"https:\/\/hamsayapi.com\/index.php\/wp-json\/wp\/v2\/product\/10475\/revisions\/10477"}],"wp:featuredmedia":[{"embeddable":true,"href":"https:\/\/hamsayapi.com\/index.php\/wp-json\/wp\/v2\/media\/10476"}],"wp:attachment":[{"href":"https:\/\/hamsayapi.com\/index.php\/wp-json\/wp\/v2\/media?parent=10475"}],"wp:term":[{"taxonomy":"pwb-brand","embeddable":true,"href":"https:\/\/hamsayapi.com\/index.php\/wp-json\/wp\/v2\/pwb-brand?post=10475"},{"taxonomy":"product_brand","embeddable":true,"href":"https:\/\/hamsayapi.com\/index.php\/wp-json\/wp\/v2\/product_brand?post=10475"},{"taxonomy":"product_cat","embeddable":true,"href":"https:\/\/hamsayapi.com\/index.php\/wp-json\/wp\/v2\/product_cat?post=10475"},{"taxonomy":"product_tag","embeddable":true,"href":"https:\/\/hamsayapi.com\/index.php\/wp-json\/wp\/v2\/product_tag?post=10475"}],"curies":[{"name":"wp","href":"https:\/\/api.w.org\/{rel}","templated":true}]}}