{"id":10469,"date":"2024-04-21T21:49:15","date_gmt":"2024-04-21T18:49:15","guid":{"rendered":"https:\/\/hamsayapi.com\/?post_type=product&#038;p=10469"},"modified":"2024-04-21T21:49:15","modified_gmt":"2024-04-21T18:49:15","slug":"tavlama-ve-kaynak-basliklari","status":"publish","type":"product","link":"https:\/\/hamsayapi.com\/index.php\/urun\/tavlama-ve-kaynak-basliklari\/","title":{"rendered":"Tavlama ve Kaynak Ba\u015fl\u0131klar\u0131"},"content":{"rendered":"","protected":false},"excerpt":{"rendered":"","protected":false},"featured_media":10470,"comment_status":"open","ping_status":"closed","template":"","meta":[],"pwb-brand":[],"product_brand":[],"product_cat":[511,457,453,517],"product_tag":[550],"class_list":{"0":"post-10469","1":"product","2":"type-product","3":"status-publish","4":"has-post-thumbnail","6":"product_cat-gaz-armaturleri","7":"product_cat-gaz-ekipmanlari","8":"product_cat-kaynak-ve-gaz-ekipmanlari","9":"product_cat-propan-tav-ve-kaynak-hamlac-takimlari","10":"product_tag-tavlama-ve-kaynak-basliklari","12":"first","13":"instock","14":"shipping-taxable","15":"product-type-simple"},"brands":[],"_links":{"self":[{"href":"https:\/\/hamsayapi.com\/index.php\/wp-json\/wp\/v2\/product\/10469","targetHints":{"allow":["GET"]}}],"collection":[{"href":"https:\/\/hamsayapi.com\/index.php\/wp-json\/wp\/v2\/product"}],"about":[{"href":"https:\/\/hamsayapi.com\/index.php\/wp-json\/wp\/v2\/types\/product"}],"replies":[{"embeddable":true,"href":"https:\/\/hamsayapi.com\/index.php\/wp-json\/wp\/v2\/comments?post=10469"}],"version-history":[{"count":1,"href":"https:\/\/hamsayapi.com\/index.php\/wp-json\/wp\/v2\/product\/10469\/revisions"}],"predecessor-version":[{"id":10471,"href":"https:\/\/hamsayapi.com\/index.php\/wp-json\/wp\/v2\/product\/10469\/revisions\/10471"}],"wp:featuredmedia":[{"embeddable":true,"href":"https:\/\/hamsayapi.com\/index.php\/wp-json\/wp\/v2\/media\/10470"}],"wp:attachment":[{"href":"https:\/\/hamsayapi.com\/index.php\/wp-json\/wp\/v2\/media?parent=10469"}],"wp:term":[{"taxonomy":"pwb-brand","embeddable":true,"href":"https:\/\/hamsayapi.com\/index.php\/wp-json\/wp\/v2\/pwb-brand?post=10469"},{"taxonomy":"product_brand","embeddable":true,"href":"https:\/\/hamsayapi.com\/index.php\/wp-json\/wp\/v2\/product_brand?post=10469"},{"taxonomy":"product_cat","embeddable":true,"href":"https:\/\/hamsayapi.com\/index.php\/wp-json\/wp\/v2\/product_cat?post=10469"},{"taxonomy":"product_tag","embeddable":true,"href":"https:\/\/hamsayapi.com\/index.php\/wp-json\/wp\/v2\/product_tag?post=10469"}],"curies":[{"name":"wp","href":"https:\/\/api.w.org\/{rel}","templated":true}]}}