{"id":10459,"date":"2024-04-21T21:45:29","date_gmt":"2024-04-21T18:45:29","guid":{"rendered":"https:\/\/hamsayapi.com\/?post_type=product&#038;p=10459"},"modified":"2024-04-21T21:45:29","modified_gmt":"2024-04-21T18:45:29","slug":"propan-tav-ve-kaynak-hamlac-takimlari","status":"publish","type":"product","link":"https:\/\/hamsayapi.com\/index.php\/urun\/propan-tav-ve-kaynak-hamlac-takimlari\/","title":{"rendered":"Propan Tav ve Kaynak Hamla\u00e7 Tak\u0131mlar\u0131"},"content":{"rendered":"","protected":false},"excerpt":{"rendered":"","protected":false},"featured_media":10460,"comment_status":"open","ping_status":"closed","template":"","meta":[],"pwb-brand":[],"product_brand":[],"product_cat":[511,457,453,517],"product_tag":[547],"class_list":{"0":"post-10459","1":"product","2":"type-product","3":"status-publish","4":"has-post-thumbnail","6":"product_cat-gaz-armaturleri","7":"product_cat-gaz-ekipmanlari","8":"product_cat-kaynak-ve-gaz-ekipmanlari","9":"product_cat-propan-tav-ve-kaynak-hamlac-takimlari","10":"product_tag-propan-tav-ve-kaynak-hamlac-takimlari","12":"first","13":"instock","14":"shipping-taxable","15":"product-type-simple"},"brands":[],"_links":{"self":[{"href":"https:\/\/hamsayapi.com\/index.php\/wp-json\/wp\/v2\/product\/10459","targetHints":{"allow":["GET"]}}],"collection":[{"href":"https:\/\/hamsayapi.com\/index.php\/wp-json\/wp\/v2\/product"}],"about":[{"href":"https:\/\/hamsayapi.com\/index.php\/wp-json\/wp\/v2\/types\/product"}],"replies":[{"embeddable":true,"href":"https:\/\/hamsayapi.com\/index.php\/wp-json\/wp\/v2\/comments?post=10459"}],"version-history":[{"count":2,"href":"https:\/\/hamsayapi.com\/index.php\/wp-json\/wp\/v2\/product\/10459\/revisions"}],"predecessor-version":[{"id":10462,"href":"https:\/\/hamsayapi.com\/index.php\/wp-json\/wp\/v2\/product\/10459\/revisions\/10462"}],"wp:featuredmedia":[{"embeddable":true,"href":"https:\/\/hamsayapi.com\/index.php\/wp-json\/wp\/v2\/media\/10460"}],"wp:attachment":[{"href":"https:\/\/hamsayapi.com\/index.php\/wp-json\/wp\/v2\/media?parent=10459"}],"wp:term":[{"taxonomy":"pwb-brand","embeddable":true,"href":"https:\/\/hamsayapi.com\/index.php\/wp-json\/wp\/v2\/pwb-brand?post=10459"},{"taxonomy":"product_brand","embeddable":true,"href":"https:\/\/hamsayapi.com\/index.php\/wp-json\/wp\/v2\/product_brand?post=10459"},{"taxonomy":"product_cat","embeddable":true,"href":"https:\/\/hamsayapi.com\/index.php\/wp-json\/wp\/v2\/product_cat?post=10459"},{"taxonomy":"product_tag","embeddable":true,"href":"https:\/\/hamsayapi.com\/index.php\/wp-json\/wp\/v2\/product_tag?post=10459"}],"curies":[{"name":"wp","href":"https:\/\/api.w.org\/{rel}","templated":true}]}}