{"id":10423,"date":"2024-04-21T21:16:33","date_gmt":"2024-04-21T18:16:33","guid":{"rendered":"https:\/\/hamsayapi.com\/?post_type=product&#038;p=10423"},"modified":"2024-04-21T21:16:34","modified_gmt":"2024-04-21T18:16:34","slug":"kaynak-ve-kesme-hamlac-takimlari","status":"publish","type":"product","link":"https:\/\/hamsayapi.com\/index.php\/urun\/kaynak-ve-kesme-hamlac-takimlari\/","title":{"rendered":"Kaynak ve Kesme Hamla\u00e7 Tak\u0131mlar\u0131"},"content":{"rendered":"","protected":false},"excerpt":{"rendered":"","protected":false},"featured_media":10424,"comment_status":"open","ping_status":"closed","template":"","meta":[],"pwb-brand":[],"product_brand":[],"product_cat":[511,457,516,453],"product_tag":[536],"class_list":{"0":"post-10423","1":"product","2":"type-product","3":"status-publish","4":"has-post-thumbnail","6":"product_cat-gaz-armaturleri","7":"product_cat-gaz-ekipmanlari","8":"product_cat-kaynak-kesme-hamlac-takmlari","9":"product_cat-kaynak-ve-gaz-ekipmanlari","10":"product_tag-kaynak-ve-kesme-hamlac-takimlari","12":"first","13":"instock","14":"shipping-taxable","15":"product-type-simple"},"brands":[],"_links":{"self":[{"href":"https:\/\/hamsayapi.com\/index.php\/wp-json\/wp\/v2\/product\/10423","targetHints":{"allow":["GET"]}}],"collection":[{"href":"https:\/\/hamsayapi.com\/index.php\/wp-json\/wp\/v2\/product"}],"about":[{"href":"https:\/\/hamsayapi.com\/index.php\/wp-json\/wp\/v2\/types\/product"}],"replies":[{"embeddable":true,"href":"https:\/\/hamsayapi.com\/index.php\/wp-json\/wp\/v2\/comments?post=10423"}],"version-history":[{"count":1,"href":"https:\/\/hamsayapi.com\/index.php\/wp-json\/wp\/v2\/product\/10423\/revisions"}],"predecessor-version":[{"id":10425,"href":"https:\/\/hamsayapi.com\/index.php\/wp-json\/wp\/v2\/product\/10423\/revisions\/10425"}],"wp:featuredmedia":[{"embeddable":true,"href":"https:\/\/hamsayapi.com\/index.php\/wp-json\/wp\/v2\/media\/10424"}],"wp:attachment":[{"href":"https:\/\/hamsayapi.com\/index.php\/wp-json\/wp\/v2\/media?parent=10423"}],"wp:term":[{"taxonomy":"pwb-brand","embeddable":true,"href":"https:\/\/hamsayapi.com\/index.php\/wp-json\/wp\/v2\/pwb-brand?post=10423"},{"taxonomy":"product_brand","embeddable":true,"href":"https:\/\/hamsayapi.com\/index.php\/wp-json\/wp\/v2\/product_brand?post=10423"},{"taxonomy":"product_cat","embeddable":true,"href":"https:\/\/hamsayapi.com\/index.php\/wp-json\/wp\/v2\/product_cat?post=10423"},{"taxonomy":"product_tag","embeddable":true,"href":"https:\/\/hamsayapi.com\/index.php\/wp-json\/wp\/v2\/product_tag?post=10423"}],"curies":[{"name":"wp","href":"https:\/\/api.w.org\/{rel}","templated":true}]}}