{"id":10403,"date":"2024-04-21T20:52:35","date_gmt":"2024-04-21T17:52:35","guid":{"rendered":"https:\/\/hamsayapi.com\/?post_type=product&#038;p=10403"},"modified":"2024-04-21T20:52:35","modified_gmt":"2024-04-21T17:52:35","slug":"dogalgaz-tavlama-ve-basliklari","status":"publish","type":"product","link":"https:\/\/hamsayapi.com\/index.php\/urun\/dogalgaz-tavlama-ve-basliklari\/","title":{"rendered":"Do\u011falgaz Tavlama ve Ba\u015fl\u0131klar\u0131"},"content":{"rendered":"","protected":false},"excerpt":{"rendered":"","protected":false},"featured_media":10404,"comment_status":"open","ping_status":"closed","template":"","meta":[],"pwb-brand":[],"product_brand":[],"product_cat":[511,457,516,453],"product_tag":[530],"class_list":{"0":"post-10403","1":"product","2":"type-product","3":"status-publish","4":"has-post-thumbnail","6":"product_cat-gaz-armaturleri","7":"product_cat-gaz-ekipmanlari","8":"product_cat-kaynak-kesme-hamlac-takmlari","9":"product_cat-kaynak-ve-gaz-ekipmanlari","10":"product_tag-dogalgaz-tavlama-ve-basliklari","12":"first","13":"instock","14":"shipping-taxable","15":"product-type-simple"},"brands":[],"_links":{"self":[{"href":"https:\/\/hamsayapi.com\/index.php\/wp-json\/wp\/v2\/product\/10403","targetHints":{"allow":["GET"]}}],"collection":[{"href":"https:\/\/hamsayapi.com\/index.php\/wp-json\/wp\/v2\/product"}],"about":[{"href":"https:\/\/hamsayapi.com\/index.php\/wp-json\/wp\/v2\/types\/product"}],"replies":[{"embeddable":true,"href":"https:\/\/hamsayapi.com\/index.php\/wp-json\/wp\/v2\/comments?post=10403"}],"version-history":[{"count":1,"href":"https:\/\/hamsayapi.com\/index.php\/wp-json\/wp\/v2\/product\/10403\/revisions"}],"predecessor-version":[{"id":10405,"href":"https:\/\/hamsayapi.com\/index.php\/wp-json\/wp\/v2\/product\/10403\/revisions\/10405"}],"wp:featuredmedia":[{"embeddable":true,"href":"https:\/\/hamsayapi.com\/index.php\/wp-json\/wp\/v2\/media\/10404"}],"wp:attachment":[{"href":"https:\/\/hamsayapi.com\/index.php\/wp-json\/wp\/v2\/media?parent=10403"}],"wp:term":[{"taxonomy":"pwb-brand","embeddable":true,"href":"https:\/\/hamsayapi.com\/index.php\/wp-json\/wp\/v2\/pwb-brand?post=10403"},{"taxonomy":"product_brand","embeddable":true,"href":"https:\/\/hamsayapi.com\/index.php\/wp-json\/wp\/v2\/product_brand?post=10403"},{"taxonomy":"product_cat","embeddable":true,"href":"https:\/\/hamsayapi.com\/index.php\/wp-json\/wp\/v2\/product_cat?post=10403"},{"taxonomy":"product_tag","embeddable":true,"href":"https:\/\/hamsayapi.com\/index.php\/wp-json\/wp\/v2\/product_tag?post=10403"}],"curies":[{"name":"wp","href":"https:\/\/api.w.org\/{rel}","templated":true}]}}