{"id":10338,"date":"2024-04-21T00:24:56","date_gmt":"2024-04-20T21:24:56","guid":{"rendered":"https:\/\/hamsayapi.com\/?post_type=product&#038;p=10338"},"modified":"2024-04-21T00:24:56","modified_gmt":"2024-04-20T21:24:56","slug":"gumus-alasimli-sertlehim-telleri","status":"publish","type":"product","link":"https:\/\/hamsayapi.com\/index.php\/urun\/gumus-alasimli-sertlehim-telleri\/","title":{"rendered":"G\u00fcm\u00fc\u015f Ala\u015f\u0131ml\u0131 Sertlehim Telleri"},"content":{"rendered":"","protected":false},"excerpt":{"rendered":"","protected":false},"featured_media":10339,"comment_status":"open","ping_status":"closed","template":"","meta":[],"pwb-brand":[],"product_brand":[],"product_cat":[500,456],"product_tag":[505],"class_list":{"0":"post-10338","1":"product","2":"type-product","3":"status-publish","4":"has-post-thumbnail","6":"product_cat-sert-lehim-ve-oksijen-telleri","7":"product_cat-tamir-bakim-kaynagi-kobatek","8":"product_tag-gumus-alasimli-sertlehim-telleri","10":"first","11":"instock","12":"shipping-taxable","13":"product-type-simple"},"brands":[],"_links":{"self":[{"href":"https:\/\/hamsayapi.com\/index.php\/wp-json\/wp\/v2\/product\/10338","targetHints":{"allow":["GET"]}}],"collection":[{"href":"https:\/\/hamsayapi.com\/index.php\/wp-json\/wp\/v2\/product"}],"about":[{"href":"https:\/\/hamsayapi.com\/index.php\/wp-json\/wp\/v2\/types\/product"}],"replies":[{"embeddable":true,"href":"https:\/\/hamsayapi.com\/index.php\/wp-json\/wp\/v2\/comments?post=10338"}],"version-history":[{"count":1,"href":"https:\/\/hamsayapi.com\/index.php\/wp-json\/wp\/v2\/product\/10338\/revisions"}],"predecessor-version":[{"id":10340,"href":"https:\/\/hamsayapi.com\/index.php\/wp-json\/wp\/v2\/product\/10338\/revisions\/10340"}],"wp:featuredmedia":[{"embeddable":true,"href":"https:\/\/hamsayapi.com\/index.php\/wp-json\/wp\/v2\/media\/10339"}],"wp:attachment":[{"href":"https:\/\/hamsayapi.com\/index.php\/wp-json\/wp\/v2\/media?parent=10338"}],"wp:term":[{"taxonomy":"pwb-brand","embeddable":true,"href":"https:\/\/hamsayapi.com\/index.php\/wp-json\/wp\/v2\/pwb-brand?post=10338"},{"taxonomy":"product_brand","embeddable":true,"href":"https:\/\/hamsayapi.com\/index.php\/wp-json\/wp\/v2\/product_brand?post=10338"},{"taxonomy":"product_cat","embeddable":true,"href":"https:\/\/hamsayapi.com\/index.php\/wp-json\/wp\/v2\/product_cat?post=10338"},{"taxonomy":"product_tag","embeddable":true,"href":"https:\/\/hamsayapi.com\/index.php\/wp-json\/wp\/v2\/product_tag?post=10338"}],"curies":[{"name":"wp","href":"https:\/\/api.w.org\/{rel}","templated":true}]}}