{"id":10319,"date":"2024-04-21T00:07:01","date_gmt":"2024-04-20T21:07:01","guid":{"rendered":"https:\/\/hamsayapi.com\/?post_type=product&#038;p=10319"},"modified":"2024-04-21T00:07:01","modified_gmt":"2024-04-20T21:07:01","slug":"kabotek-sert-dolgu-asinma-plakalari","status":"publish","type":"product","link":"https:\/\/hamsayapi.com\/index.php\/urun\/kabotek-sert-dolgu-asinma-plakalari\/","title":{"rendered":"Kabotek Sert Dolgu A\u015f\u0131nma Plakalar\u0131"},"content":{"rendered":"","protected":false},"excerpt":{"rendered":"","protected":false},"featured_media":10320,"comment_status":"open","ping_status":"closed","template":"","meta":[],"pwb-brand":[],"product_brand":[],"product_cat":[453,456],"product_tag":[502],"class_list":{"0":"post-10319","1":"product","2":"type-product","3":"status-publish","4":"has-post-thumbnail","6":"product_cat-kaynak-ve-gaz-ekipmanlari","7":"product_cat-tamir-bakim-kaynagi-kobatek","8":"product_tag-kabotek-sert-dolgu-asinma-plakalari","10":"first","11":"instock","12":"shipping-taxable","13":"product-type-simple"},"brands":[],"_links":{"self":[{"href":"https:\/\/hamsayapi.com\/index.php\/wp-json\/wp\/v2\/product\/10319","targetHints":{"allow":["GET"]}}],"collection":[{"href":"https:\/\/hamsayapi.com\/index.php\/wp-json\/wp\/v2\/product"}],"about":[{"href":"https:\/\/hamsayapi.com\/index.php\/wp-json\/wp\/v2\/types\/product"}],"replies":[{"embeddable":true,"href":"https:\/\/hamsayapi.com\/index.php\/wp-json\/wp\/v2\/comments?post=10319"}],"version-history":[{"count":2,"href":"https:\/\/hamsayapi.com\/index.php\/wp-json\/wp\/v2\/product\/10319\/revisions"}],"predecessor-version":[{"id":10322,"href":"https:\/\/hamsayapi.com\/index.php\/wp-json\/wp\/v2\/product\/10319\/revisions\/10322"}],"wp:featuredmedia":[{"embeddable":true,"href":"https:\/\/hamsayapi.com\/index.php\/wp-json\/wp\/v2\/media\/10320"}],"wp:attachment":[{"href":"https:\/\/hamsayapi.com\/index.php\/wp-json\/wp\/v2\/media?parent=10319"}],"wp:term":[{"taxonomy":"pwb-brand","embeddable":true,"href":"https:\/\/hamsayapi.com\/index.php\/wp-json\/wp\/v2\/pwb-brand?post=10319"},{"taxonomy":"product_brand","embeddable":true,"href":"https:\/\/hamsayapi.com\/index.php\/wp-json\/wp\/v2\/product_brand?post=10319"},{"taxonomy":"product_cat","embeddable":true,"href":"https:\/\/hamsayapi.com\/index.php\/wp-json\/wp\/v2\/product_cat?post=10319"},{"taxonomy":"product_tag","embeddable":true,"href":"https:\/\/hamsayapi.com\/index.php\/wp-json\/wp\/v2\/product_tag?post=10319"}],"curies":[{"name":"wp","href":"https:\/\/api.w.org\/{rel}","templated":true}]}}