{"id":10309,"date":"2024-04-20T23:58:42","date_gmt":"2024-04-20T20:58:42","guid":{"rendered":"https:\/\/hamsayapi.com\/?post_type=product&#038;p=10309"},"modified":"2024-04-20T23:58:42","modified_gmt":"2024-04-20T20:58:42","slug":"alasimsiz-ve-dusuk-alasimli-celikler-2","status":"publish","type":"product","link":"https:\/\/hamsayapi.com\/index.php\/urun\/alasimsiz-ve-dusuk-alasimli-celikler-2\/","title":{"rendered":"Ala\u015f\u0131ms\u0131z ve D\u00fc\u015f\u00fck Ala\u015f\u0131ml\u0131 \u00c7elikler"},"content":{"rendered":"","protected":false},"excerpt":{"rendered":"","protected":false},"featured_media":10310,"comment_status":"open","ping_status":"closed","template":"","meta":[],"pwb-brand":[],"product_brand":[],"product_cat":[455,453,484],"product_tag":[495],"class_list":{"0":"post-10309","1":"product","2":"type-product","3":"status-publish","4":"has-post-thumbnail","6":"product_cat-kaynak-telleri-ve-elektrodlari","7":"product_cat-kaynak-ve-gaz-ekipmanlari","8":"product_cat-tozalti-kaynak-telleri","9":"product_tag-alasimsiz-ve-dusuk-alasimli-celikler","11":"first","12":"instock","13":"shipping-taxable","14":"product-type-simple"},"brands":[],"_links":{"self":[{"href":"https:\/\/hamsayapi.com\/index.php\/wp-json\/wp\/v2\/product\/10309","targetHints":{"allow":["GET"]}}],"collection":[{"href":"https:\/\/hamsayapi.com\/index.php\/wp-json\/wp\/v2\/product"}],"about":[{"href":"https:\/\/hamsayapi.com\/index.php\/wp-json\/wp\/v2\/types\/product"}],"replies":[{"embeddable":true,"href":"https:\/\/hamsayapi.com\/index.php\/wp-json\/wp\/v2\/comments?post=10309"}],"version-history":[{"count":1,"href":"https:\/\/hamsayapi.com\/index.php\/wp-json\/wp\/v2\/product\/10309\/revisions"}],"predecessor-version":[{"id":10311,"href":"https:\/\/hamsayapi.com\/index.php\/wp-json\/wp\/v2\/product\/10309\/revisions\/10311"}],"wp:featuredmedia":[{"embeddable":true,"href":"https:\/\/hamsayapi.com\/index.php\/wp-json\/wp\/v2\/media\/10310"}],"wp:attachment":[{"href":"https:\/\/hamsayapi.com\/index.php\/wp-json\/wp\/v2\/media?parent=10309"}],"wp:term":[{"taxonomy":"pwb-brand","embeddable":true,"href":"https:\/\/hamsayapi.com\/index.php\/wp-json\/wp\/v2\/pwb-brand?post=10309"},{"taxonomy":"product_brand","embeddable":true,"href":"https:\/\/hamsayapi.com\/index.php\/wp-json\/wp\/v2\/product_brand?post=10309"},{"taxonomy":"product_cat","embeddable":true,"href":"https:\/\/hamsayapi.com\/index.php\/wp-json\/wp\/v2\/product_cat?post=10309"},{"taxonomy":"product_tag","embeddable":true,"href":"https:\/\/hamsayapi.com\/index.php\/wp-json\/wp\/v2\/product_tag?post=10309"}],"curies":[{"name":"wp","href":"https:\/\/api.w.org\/{rel}","templated":true}]}}